{"id":685,"date":"2022-11-27T17:46:28","date_gmt":"2022-11-27T16:46:28","guid":{"rendered":"https:\/\/www.lyca-ec.fr\/?page_id=685"},"modified":"2023-01-14T12:14:27","modified_gmt":"2023-01-14T11:14:27","slug":"suivi-de-gestion-tableau-de-bord","status":"publish","type":"page","link":"https:\/\/www.lyca-ec.fr\/?page_id=685","title":{"rendered":"Suivi de gestion : Pr\u00e9visionnel de gestion"},"content":{"rendered":"\t\t<div data-elementor-type=\"wp-page\" data-elementor-id=\"685\" class=\"elementor elementor-685\">\n\t\t\t\t\t\t\t\t\t<section class=\"elementor-section elementor-top-section elementor-element elementor-element-1962007 elementor-section-boxed elementor-section-height-default elementor-section-height-default\" data-id=\"1962007\" data-element_type=\"section\" data-settings=\"{&quot;background_background&quot;:&quot;classic&quot;}\">\n\t\t\t\t\t\t\t<div class=\"elementor-background-overlay\"><\/div>\n\t\t\t\t\t\t\t<div class=\"elementor-container elementor-column-gap-no\">\n\t\t\t\t\t<div class=\"elementor-column elementor-col-100 elementor-top-column elementor-element elementor-element-6448513\" data-id=\"6448513\" data-element_type=\"column\">\n\t\t\t<div class=\"elementor-widget-wrap elementor-element-populated\">\n\t\t\t\t\t\t\t\t<div class=\"elementor-element elementor-element-1ee8616 elementor-widget elementor-widget-heading\" data-id=\"1ee8616\" data-element_type=\"widget\" data-widget_type=\"heading.default\">\n\t\t\t\t<div class=\"elementor-widget-container\">\n\t\t\t<style>\/*! elementor - v3.18.0 - 20-12-2023 *\/\n.elementor-heading-title{padding:0;margin:0;line-height:1}.elementor-widget-heading .elementor-heading-title[class*=elementor-size-]>a{color:inherit;font-size:inherit;line-height:inherit}.elementor-widget-heading .elementor-heading-title.elementor-size-small{font-size:15px}.elementor-widget-heading .elementor-heading-title.elementor-size-medium{font-size:19px}.elementor-widget-heading .elementor-heading-title.elementor-size-large{font-size:29px}.elementor-widget-heading .elementor-heading-title.elementor-size-xl{font-size:39px}.elementor-widget-heading .elementor-heading-title.elementor-size-xxl{font-size:59px}<\/style><h1 class=\"elementor-heading-title elementor-size-default\">Pr\u00e9visionnel<\/h1>\t\t<\/div>\n\t\t\t\t<\/div>\n\t\t\t\t\t<\/div>\n\t\t<\/div>\n\t\t\t\t\t\t\t<\/div>\n\t\t<\/section>\n\t\t\t\t<section class=\"elementor-section elementor-top-section elementor-element elementor-element-d6186fb elementor-section-boxed elementor-section-height-default elementor-section-height-default\" data-id=\"d6186fb\" data-element_type=\"section\" data-settings=\"{&quot;background_background&quot;:&quot;classic&quot;}\">\n\t\t\t\t\t\t<div class=\"elementor-container elementor-column-gap-default\">\n\t\t\t\t\t<div class=\"elementor-column elementor-col-100 elementor-top-column elementor-element elementor-element-216391c\" data-id=\"216391c\" data-element_type=\"column\">\n\t\t\t<div class=\"elementor-widget-wrap elementor-element-populated\">\n\t\t\t\t\t\t\t\t<section class=\"elementor-section elementor-inner-section elementor-element elementor-element-2a6291b elementor-section-boxed elementor-section-height-default elementor-section-height-default\" data-id=\"2a6291b\" data-element_type=\"section\">\n\t\t\t\t\t\t<div class=\"elementor-container elementor-column-gap-no\">\n\t\t\t\t\t<div class=\"elementor-column elementor-col-50 elementor-inner-column elementor-element elementor-element-6f9b2ac\" data-id=\"6f9b2ac\" data-element_type=\"column\" data-settings=\"{&quot;background_background&quot;:&quot;classic&quot;}\">\n\t\t\t<div class=\"elementor-widget-wrap elementor-element-populated\">\n\t\t\t\t\t\t\t\t<div class=\"elementor-element elementor-element-070c628 elementor-widget elementor-widget-image\" data-id=\"070c628\" data-element_type=\"widget\" data-widget_type=\"image.default\">\n\t\t\t\t<div class=\"elementor-widget-container\">\n\t\t\t<style>\/*! elementor - v3.18.0 - 20-12-2023 *\/\n.elementor-widget-image{text-align:center}.elementor-widget-image a{display:inline-block}.elementor-widget-image a img[src$=\".svg\"]{width:48px}.elementor-widget-image img{vertical-align:middle;display:inline-block}<\/style>\t\t\t\t\t\t\t\t\t\t\t\t<img fetchpriority=\"high\" decoding=\"async\" width=\"400\" height=\"400\" src=\"https:\/\/www.lyca-ec.fr\/wp-content\/uploads\/2019\/06\/feature2-free-img.png\" class=\"attachment-full size-full wp-image-126\" alt=\"\" srcset=\"https:\/\/www.lyca-ec.fr\/wp-content\/uploads\/2019\/06\/feature2-free-img.png 400w, https:\/\/www.lyca-ec.fr\/wp-content\/uploads\/2019\/06\/feature2-free-img-300x300.png 300w, https:\/\/www.lyca-ec.fr\/wp-content\/uploads\/2019\/06\/feature2-free-img-150x150.png 150w\" sizes=\"(max-width: 400px) 100vw, 400px\" \/>\t\t\t\t\t\t\t\t\t\t\t\t\t\t\t<\/div>\n\t\t\t\t<\/div>\n\t\t\t\t\t<\/div>\n\t\t<\/div>\n\t\t\t\t<div class=\"elementor-column elementor-col-50 elementor-inner-column elementor-element elementor-element-868ce5d\" data-id=\"868ce5d\" data-element_type=\"column\">\n\t\t\t<div class=\"elementor-widget-wrap elementor-element-populated\">\n\t\t\t\t\t\t\t\t<div class=\"elementor-element elementor-element-666097c elementor-widget elementor-widget-heading\" data-id=\"666097c\" data-element_type=\"widget\" data-widget_type=\"heading.default\">\n\t\t\t\t<div class=\"elementor-widget-container\">\n\t\t\t<h2 class=\"elementor-heading-title elementor-size-default\"><span style=\"color: rgb(200, 154, 52); font-weight: 700;\">Un service sur mesure<\/span><\/h2>\t\t<\/div>\n\t\t\t\t<\/div>\n\t\t\t\t<div class=\"elementor-element elementor-element-f952c63 elementor-widget elementor-widget-heading\" data-id=\"f952c63\" data-element_type=\"widget\" data-widget_type=\"heading.default\">\n\t\t\t\t<div class=\"elementor-widget-container\">\n\t\t\t<h4 class=\"elementor-heading-title elementor-size-default\"><div><span data-canva-clipboard=\"ewAiAGEAIgA6ADUALAAiAGQAIgA6ACIAQgAiACwAIgBoACIAOgAiAHcAdwB3AC4AYwBhAG4AdgBhAC4AYwBvAG0AIgAsACIAYwAiADoAIgBEAEEARgBPAFIATQBBAEUAcABpADgAIgAsACIAaQAiADoAIgBuAGIANQB6AG4AaQAtAG0AcABLAFIAMwBPAEsARQBTAHkARQBtADAASQBBACIALAAiAGIAIgA6ADEANgA3ADEANAA3ADAANQAzADEAOQA0ADEALAAiAEEAPwAiADoAIgBCACIALAAiAEEAIgA6AFsAewAiAEEAIgA6ADQANAA3AC4AOQAyADEAMQA4ADAAMAAwADMAOAA2ADgAOAAsACIAQgAiADoAMQAyAC4ANQAxADAAMAAyADUANAAwADQAMwAzADMANQA5ACwAIgBEACIAOgAzADIAMAAuADgANwA2ADgANAA4ADIAMwA4ADMAMQA1ADkALAAiAEMAIgA6ADgAMgAuADcAMwAzADMALAAiAE4AIgA6ACIAcABhAHIAYQBnAHIAYQBwAGgAIgAsACIAQQA\/ACIAOgAiAEsAIgAsACIAYQAiADoAewAiAEEAIgA6AFsAewAiAEEAPwAiADoAIgBBACIALAAiAEEAIgA6ACIAQQBwAHAAdQB5AGUAegAgAHYAbwB1AHMAIABzAHUAcgAgAG4AbwB0AHIAZQAgAGUAeABwAGUAcgB0AGkAcwBlACAAcABvAHUAcgAgAG0AbwBuAHQAZQByACAAdQBuACAAcAByAG8AagBlAHQAIAByAOkAYQBsAGkAcwB0AGUAIABlAHQAIABjAHIA6QBkAGkAYgBsAGUAXABuACIAfQBdACwAIgBCACIAOgBbAHsAIgBBAD8AIgA6ACIAQQAiACwAIgBBACIAOgB7ACIAYwBvAGwAbwByACIAOgB7ACIAQgAiADoAIgAjADQAZAA0AGQANABkACIAfQAsACIAZgBvAG4AdAAtAHcAZQBpAGcAaAB0ACIAOgB7ACIAQgAiADoAIgBiAG8AbABkACIAfQAsACIAZgBvAG4AdAAtAHMAaQB6AGUAIgA6AHsAIgBCACIAOgAiADIAMQAuADMAMwAzADUAIgB9ACwAIgBmAG8AbgB0AC0AZgBhAG0AaQBsAHkAIgA6AHsAIgBCACIAOgAiAFkAQQBEADcAUQBoAEcAMgBUADYAbwAsADAAIgB9ACwAIgB0AGUAeAB0AC0AYQBsAGkAZwBuACIAOgB7ACIAQgAiADoAIgBjAGUAbgB0AGUAcgAiAH0AfQB9ACwAewAiAEEAPwAiADoAIgBCACIALAAiAEEAIgA6ADcANQB9ACwAewAiAEEAPwAiADoAIgBBACIALAAiAEEAIgA6AHsAIgB0AGUAeAB0AC0AdAByAGEAbgBzAGYAbwByAG0AIgA6AHsAIgBCACIAOgAiAG4AbwBuAGUAIgB9ACwAIgBsAGUAYQBkAGkAbgBnACIAOgB7ACIAQgAiADoAIgAxADQAMAAwAC4AMAAiAH0ALAAiAGYAbwBuAHQALQBzAHQAeQBsAGUAIgA6AHsAIgBCACIAOgAiAG4AbwByAG0AYQBsACIAfQAsACIAdAByAGEAYwBrAGkAbgBnACIAOgB7ACIAQgAiADoAIgAwAC4AMAAiAH0AfQB9ACwAewAiAEEAPwAiADoAIgBCACIALAAiAEEAIgA6ADEAfQAsAHsAIgBBAD8AIgA6ACIAQQAiACwAIgBBACIAOgB7ACIAdABlAHgAdAAtAHQAcgBhAG4AcwBmAG8AcgBtACIAOgB7ACIAQQAiADoAIgBuAG8AbgBlACIAfQAsACIAYwBvAGwAbwByACIAOgB7ACIAQQAiADoAIgAjADQAZAA0AGQANABkACIAfQAsACIAbABlAGEAZABpAG4AZwAiADoAewAiAEEAIgA6ACIAMQA0ADAAMAAuADAAIgB9ACwAIgBmAG8AbgB0AC0AdwBlAGkAZwBoAHQAIgA6AHsAIgBBACIAOgAiAGIAbwBsAGQAIgB9ACwAIgBmAG8AbgB0AC0AcwBpAHoAZQAiADoAewAiAEEAIgA6ACIAMgAxAC4AMwAzADMANQAiAH0ALAAiAGYAbwBuAHQALQBmAGEAbQBpAGwAeQAiADoAewAiAEEAIgA6ACIAWQBBAEQANwBRAGgARwAyAFQANgBvACwAMAAiAH0ALAAiAGYAbwBuAHQALQBzAHQAeQBsAGUAIgA6AHsAIgBBACIAOgAiAG4AbwByAG0AYQBsACIAfQAsACIAdAByAGEAYwBrAGkAbgBnACIAOgB7ACIAQQAiADoAIgAwAC4AMAAiAH0ALAAiAHQAZQB4AHQALQBhAGwAaQBnAG4AIgA6AHsAIgBBACIAOgAiAGMAZQBuAHQAZQByACIAfQB9AH0AXQB9ACwAIgBiACIAOgB7AH0ALAAiAGQAIgA6ACIAQQAiACwAIgBnACIAOgBmAGEAbABzAGUALAAiAGgAIgA6ACIAQQAiAH0AXQAsACIAQgAiADoANwA5ADMALgA3ADAAMAA3ADgANwA0ADAAMQA1ADcANAA5ACwAIgBDACIAOgAxADEAMgAyAC4ANQAxADkANgA4ADUAMAAzADkAMwA3ADAAMgB9AA==\"><\/span><p><b>Appuyez vous sur notre expertise pour monter un projet r\u00e9aliste et cr\u00e9dible<\/b><span style=\"color: var(--ast-global-color-2); font-size: 1.33333rem; font-style: inherit; font-weight: inherit; background-color: var(--ast-global-color-5);\"><\/span><\/p><\/div><\/h4>\t\t<\/div>\n\t\t\t\t<\/div>\n\t\t\t\t<div class=\"elementor-element elementor-element-b147c45 elementor-widget elementor-widget-text-editor\" data-id=\"b147c45\" data-element_type=\"widget\" data-widget_type=\"text-editor.default\">\n\t\t\t\t<div class=\"elementor-widget-container\">\n\t\t\t<style>\/*! elementor - v3.18.0 - 20-12-2023 *\/\n.elementor-widget-text-editor.elementor-drop-cap-view-stacked .elementor-drop-cap{background-color:#69727d;color:#fff}.elementor-widget-text-editor.elementor-drop-cap-view-framed .elementor-drop-cap{color:#69727d;border:3px solid;background-color:transparent}.elementor-widget-text-editor:not(.elementor-drop-cap-view-default) .elementor-drop-cap{margin-top:8px}.elementor-widget-text-editor:not(.elementor-drop-cap-view-default) .elementor-drop-cap-letter{width:1em;height:1em}.elementor-widget-text-editor .elementor-drop-cap{float:left;text-align:center;line-height:1;font-size:50px}.elementor-widget-text-editor .elementor-drop-cap-letter{display:inline-block}<\/style>\t\t\t\t<div><p>En tant que dirigeant, vous souhaitez augmenter la performance de votre entreprise, appr\u00e9hender votre r\u00e9sultat de fin d\u2019exercice, optimiser votre rentabilit\u00e9, faire des \u00e9conomies, \u00eatre accompagn\u00e9 de fa\u00e7on permanente. C\u2019est la raison pour laquelle vous avez besoin d\u2019un partenaire fiable.<\/p><ul><li>Vous avez besoin d\u2019un budget et de suivre vos r\u00e9alisations.\u00a0<\/li><li>Comment pr\u00e9voir l\u2019\u00e9volution de votre activit\u00e9 sur les 3 \u00e0 5 prochaines ann\u00e9es ?\u00a0<\/li><li>Vos hypoth\u00e8ses sont-elles r\u00e9alistes ?\u00a0<\/li><li>Quel plan de financement mettre en place pour votre projet?\u00a0<\/li><li>Vous avez besoin de suivre mensuellement votre tr\u00e9sorerie. Lors d&rsquo;une augmentation de capital ?<\/li><li>Comment convaincre vos partenaires financiers de vous pr\u00eater les fonds n\u00e9cessaires ?<\/li><\/ul><\/div>\t\t\t\t\t\t<\/div>\n\t\t\t\t<\/div>\n\t\t\t\t\t<\/div>\n\t\t<\/div>\n\t\t\t\t\t\t\t<\/div>\n\t\t<\/section>\n\t\t\t\t<div class=\"elementor-element elementor-element-d4afe5c elementor-widget elementor-widget-heading\" data-id=\"d4afe5c\" data-element_type=\"widget\" data-widget_type=\"heading.default\">\n\t\t\t\t<div class=\"elementor-widget-container\">\n\t\t\t<h2 class=\"elementor-heading-title elementor-size-default\">Comment allons nous proc\u00e9der ?<\/h2>\t\t<\/div>\n\t\t\t\t<\/div>\n\t\t\t\t<div class=\"elementor-element elementor-element-7358f67 elementor-widget elementor-widget-text-editor\" data-id=\"7358f67\" data-element_type=\"widget\" data-widget_type=\"text-editor.default\">\n\t\t\t\t<div class=\"elementor-widget-container\">\n\t\t\t\t\t\t\t\t\t\t\t\t\t<\/div>\n\t\t\t\t<\/div>\n\t\t\t\t<div class=\"elementor-element elementor-element-7d65f3a elementor-widget elementor-widget-text-editor\" data-id=\"7d65f3a\" data-element_type=\"widget\" data-widget_type=\"text-editor.default\">\n\t\t\t\t<div class=\"elementor-widget-container\">\n\t\t\t\t\t\t\t<div><p>\u00a0<\/p><p><span style=\"color: #3366ff;\"><strong style=\"font-style: inherit; background-color: var(--ast-global-color-5);\">Etude<\/strong><\/span><span style=\"font-style: inherit; font-weight: inherit; background-color: var(--ast-global-color-5); color: var(--ast-global-color-3);\"> :\u00a0<\/span><span style=\"font-style: inherit; font-weight: inherit; color: var(--ast-global-color-3); background-color: var(--ast-global-color-5);\">Nous \u00e9tudions avec vous vos objectifs et collectons toutes les informations n\u00e9cessaires \u00e0 notre \u00e9tude<\/span><\/p><div><div><div><p><span style=\"color: #3366ff;\"><strong>Diagnostic<\/strong><\/span> :\u00a0<span style=\"font-style: inherit; font-weight: inherit; background-color: var(--ast-global-color-5); color: var(--ast-global-color-3);\">Nous \u00e9tudions avec vous les hypoth\u00e8ses que vous nous communiquerez pour en valider la coh\u00e9rence<\/span><\/p><div><p><span style=\"color: #3366ff;\"><strong>Pr\u00e9visionnel <\/strong><\/span>:\u00a0<span style=\"font-style: inherit; font-weight: inherit; background-color: var(--ast-global-color-5); color: var(--ast-global-color-3);\">Nous r\u00e9alisons vos \u00e9tats pr\u00e9visionnels : compte de r\u00e9sultat, ratios et seuil de rentabilit\u00e9, plan de tr\u00e9sorerie, budget<\/span><\/p><div><p><span style=\"color: #3366ff;\"><strong>Rapport<\/strong><\/span> :\u00a0<span style=\"font-style: inherit; font-weight: inherit; background-color: var(--ast-global-color-5); color: var(--ast-global-color-3);\">Nous constituons un dossiers de financement clair, lisible et adapt\u00e9 aux attentes de vos partenaires financiers. Nous vous accompagnons dans la recherche de financement<\/span><\/p><\/div><\/div><\/div><\/div><\/div><\/div>\t\t\t\t\t\t<\/div>\n\t\t\t\t<\/div>\n\t\t\t\t<div class=\"elementor-element elementor-element-02fd9c7 elementor-widget elementor-widget-spacer\" data-id=\"02fd9c7\" data-element_type=\"widget\" data-widget_type=\"spacer.default\">\n\t\t\t\t<div class=\"elementor-widget-container\">\n\t\t\t<style>\/*! elementor - v3.18.0 - 20-12-2023 *\/\n.elementor-column .elementor-spacer-inner{height:var(--spacer-size)}.e-con{--container-widget-width:100%}.e-con-inner>.elementor-widget-spacer,.e-con>.elementor-widget-spacer{width:var(--container-widget-width,var(--spacer-size));--align-self:var(--container-widget-align-self,initial);--flex-shrink:0}.e-con-inner>.elementor-widget-spacer>.elementor-widget-container,.e-con>.elementor-widget-spacer>.elementor-widget-container{height:100%;width:100%}.e-con-inner>.elementor-widget-spacer>.elementor-widget-container>.elementor-spacer,.e-con>.elementor-widget-spacer>.elementor-widget-container>.elementor-spacer{height:100%}.e-con-inner>.elementor-widget-spacer>.elementor-widget-container>.elementor-spacer>.elementor-spacer-inner,.e-con>.elementor-widget-spacer>.elementor-widget-container>.elementor-spacer>.elementor-spacer-inner{height:var(--container-widget-height,var(--spacer-size))}.e-con-inner>.elementor-widget-spacer.elementor-widget-empty,.e-con>.elementor-widget-spacer.elementor-widget-empty{position:relative;min-height:22px;min-width:22px}.e-con-inner>.elementor-widget-spacer.elementor-widget-empty .elementor-widget-empty-icon,.e-con>.elementor-widget-spacer.elementor-widget-empty .elementor-widget-empty-icon{position:absolute;top:0;bottom:0;left:0;right:0;margin:auto;padding:0;width:22px;height:22px}<\/style>\t\t<div class=\"elementor-spacer\">\n\t\t\t<div class=\"elementor-spacer-inner\"><\/div>\n\t\t<\/div>\n\t\t\t\t<\/div>\n\t\t\t\t<\/div>\n\t\t\t\t<div class=\"elementor-element elementor-element-d220c6b elementor-widget elementor-widget-text-editor\" data-id=\"d220c6b\" data-element_type=\"widget\" data-widget_type=\"text-editor.default\">\n\t\t\t\t<div class=\"elementor-widget-container\">\n\t\t\t\t\t\t\t<h2 class=\"elementor-heading-title elementor-size-default elementor-inline-editing pen\" contenteditable=\"true\" data-elementor-setting-key=\"title\" data-pen-placeholder=\"\u00c9crivez ici...\"><span style=\"color: #c89a34;\"><b>N&rsquo;attendez plus<\/b><\/span><\/h2><p style=\"padding-left: 40px;\"><em><strong><span style=\"color: #0000ff;\">Rentrez en contact avec notre cabinet et b\u00e9n\u00e9ficiez de l\u2019accompagnement qui vous permet de vous consacrer \u00e0 100 % sur votre m\u00e9tier\u00a0!<\/span><\/strong><\/em><\/p><div>\u00a0<\/div>\t\t\t\t\t\t<\/div>\n\t\t\t\t<\/div>\n\t\t\t\t<div class=\"elementor-element elementor-element-0a8800f elementor-align-center elementor-widget elementor-widget-button\" data-id=\"0a8800f\" data-element_type=\"widget\" data-widget_type=\"button.default\">\n\t\t\t\t<div class=\"elementor-widget-container\">\n\t\t\t\t\t<div class=\"elementor-button-wrapper\">\n\t\t\t<a class=\"elementor-button elementor-button-link elementor-size-sm\" href=\"https:\/\/www.lyca-ec.fr\/?page_id=314\">\n\t\t\t\t\t\t<span class=\"elementor-button-content-wrapper\">\n\t\t\t\t\t\t<span class=\"elementor-button-text\">Contactez-nous<\/span>\n\t\t<\/span>\n\t\t\t\t\t<\/a>\n\t\t<\/div>\n\t\t\t\t<\/div>\n\t\t\t\t<\/div>\n\t\t\t\t\t<\/div>\n\t\t<\/div>\n\t\t\t\t\t\t\t<\/div>\n\t\t<\/section>\n\t\t\t\t<section class=\"elementor-section elementor-top-section elementor-element elementor-element-c21487a elementor-section-boxed elementor-section-height-default elementor-section-height-default\" data-id=\"c21487a\" data-element_type=\"section\">\n\t\t\t\t\t\t<div class=\"elementor-container elementor-column-gap-default\">\n\t\t\t\t\t<div class=\"elementor-column elementor-col-100 elementor-top-column elementor-element elementor-element-04c8682\" data-id=\"04c8682\" data-element_type=\"column\">\n\t\t\t<div class=\"elementor-widget-wrap elementor-element-populated\">\n\t\t\t\t\t\t\t\t<div class=\"elementor-element elementor-element-90651e6 elementor-widget elementor-widget-spacer\" data-id=\"90651e6\" data-element_type=\"widget\" data-widget_type=\"spacer.default\">\n\t\t\t\t<div class=\"elementor-widget-container\">\n\t\t\t\t\t<div class=\"elementor-spacer\">\n\t\t\t<div class=\"elementor-spacer-inner\"><\/div>\n\t\t<\/div>\n\t\t\t\t<\/div>\n\t\t\t\t<\/div>\n\t\t\t\t\t<\/div>\n\t\t<\/div>\n\t\t\t\t\t\t\t<\/div>\n\t\t<\/section>\n\t\t\t\t\t\t\t<\/div>\n\t\t","protected":false},"excerpt":{"rendered":"<p>Pr\u00e9visionnel Un service sur mesure Appuyez vous sur notre expertise pour monter un projet r\u00e9aliste et cr\u00e9dible En tant que dirigeant, vous souhaitez augmenter la performance de votre entreprise, appr\u00e9hender &hellip;<\/p>\n<p class=\"read-more\"> <a class=\"\" href=\"https:\/\/www.lyca-ec.fr\/?page_id=685\"> <span class=\"screen-reader-text\">Suivi de gestion : Pr\u00e9visionnel de gestion<\/span> Lire la suite\u00a0\u00bb<\/a><\/p>\n","protected":false},"author":1,"featured_media":0,"parent":0,"menu_order":0,"comment_status":"closed","ping_status":"closed","template":"","meta":{"site-sidebar-layout":"no-sidebar","site-content-layout":"page-builder","ast-global-header-display":"","ast-main-header-display":"","ast-hfb-above-header-display":"","ast-hfb-below-header-display":"","ast-hfb-mobile-header-display":"","site-post-title":"disabled","ast-breadcrumbs-content":"","ast-featured-img":"disabled","footer-sml-layout":"","theme-transparent-header-meta":"","adv-header-id-meta":"","stick-header-meta":"","header-above-stick-meta":"","header-main-stick-meta":"","header-below-stick-meta":"","_price":"","_stock":"","_tribe_ticket_header":"","_tribe_default_ticket_provider":"","_tribe_ticket_capacity":"0","_ticket_start_date":"","_ticket_end_date":"","_tribe_ticket_show_description":"","_tribe_ticket_show_not_going":false,"_tribe_ticket_use_global_stock":"","_tribe_ticket_global_stock_level":"","_global_stock_mode":"","_global_stock_cap":"","_tribe_rsvp_for_event":"","_tribe_ticket_going_count":"","_tribe_ticket_not_going_count":"","_tribe_tickets_list":"[]","_tribe_ticket_has_attendee_info_fields":false,"footnotes":""},"class_list":["post-685","page","type-page","status-publish","hentry"],"yoast_head":"<!-- This site is optimized with the Yoast SEO plugin v21.9.1 - https:\/\/yoast.com\/wordpress\/plugins\/seo\/ -->\n<title>Suivi de gestion : Pr\u00e9visionnel de gestion -<\/title>\n<meta name=\"robots\" content=\"index, follow, max-snippet:-1, max-image-preview:large, max-video-preview:-1\" \/>\n<link rel=\"canonical\" href=\"https:\/\/www.lyca-ec.fr\/?page_id=685\" \/>\n<meta property=\"og:locale\" content=\"fr_FR\" \/>\n<meta property=\"og:type\" content=\"article\" \/>\n<meta property=\"og:title\" content=\"Suivi de gestion : Pr\u00e9visionnel de gestion -\" \/>\n<meta property=\"og:description\" content=\"Pr\u00e9visionnel Un service sur mesure Appuyez vous sur notre expertise pour monter un projet r\u00e9aliste et cr\u00e9dible En tant que dirigeant, vous souhaitez augmenter la performance de votre entreprise, appr\u00e9hender &hellip; Suivi de gestion : Pr\u00e9visionnel de gestion Lire la suite\u00a0\u00bb\" \/>\n<meta property=\"og:url\" content=\"https:\/\/www.lyca-ec.fr\/?page_id=685\" \/>\n<meta property=\"article:modified_time\" content=\"2023-01-14T11:14:27+00:00\" \/>\n<meta property=\"og:image\" content=\"https:\/\/www.lyca-ec.fr\/wp-content\/uploads\/2019\/06\/feature2-free-img.png\" \/>\n<meta name=\"twitter:card\" content=\"summary_large_image\" \/>\n<meta name=\"twitter:label1\" content=\"Dur\u00e9e de lecture estim\u00e9e\" \/>\n\t<meta name=\"twitter:data1\" content=\"1 minute\" \/>\n<script type=\"application\/ld+json\" class=\"yoast-schema-graph\">{\"@context\":\"https:\/\/schema.org\",\"@graph\":[{\"@type\":\"WebPage\",\"@id\":\"https:\/\/www.lyca-ec.fr\/?page_id=685\",\"url\":\"https:\/\/www.lyca-ec.fr\/?page_id=685\",\"name\":\"Suivi de gestion : Pr\u00e9visionnel de gestion -\",\"isPartOf\":{\"@id\":\"https:\/\/www.lyca-ec.fr\/#website\"},\"datePublished\":\"2022-11-27T16:46:28+00:00\",\"dateModified\":\"2023-01-14T11:14:27+00:00\",\"breadcrumb\":{\"@id\":\"https:\/\/www.lyca-ec.fr\/?page_id=685#breadcrumb\"},\"inLanguage\":\"fr-FR\",\"potentialAction\":[{\"@type\":\"ReadAction\",\"target\":[\"https:\/\/www.lyca-ec.fr\/?page_id=685\"]}]},{\"@type\":\"BreadcrumbList\",\"@id\":\"https:\/\/www.lyca-ec.fr\/?page_id=685#breadcrumb\",\"itemListElement\":[{\"@type\":\"ListItem\",\"position\":1,\"name\":\"Accueil\",\"item\":\"https:\/\/www.lyca-ec.fr\/\"},{\"@type\":\"ListItem\",\"position\":2,\"name\":\"Suivi de gestion : Pr\u00e9visionnel de gestion\"}]},{\"@type\":\"WebSite\",\"@id\":\"https:\/\/www.lyca-ec.fr\/#website\",\"url\":\"https:\/\/www.lyca-ec.fr\/\",\"name\":\"LYCA Expertise & Conseils\",\"description\":\"LYCA Expertise &amp; Conseils\",\"publisher\":{\"@id\":\"https:\/\/www.lyca-ec.fr\/#organization\"},\"potentialAction\":[{\"@type\":\"SearchAction\",\"target\":{\"@type\":\"EntryPoint\",\"urlTemplate\":\"https:\/\/www.lyca-ec.fr\/?s={search_term_string}\"},\"query-input\":\"required name=search_term_string\"}],\"inLanguage\":\"fr-FR\"},{\"@type\":\"Organization\",\"@id\":\"https:\/\/www.lyca-ec.fr\/#organization\",\"name\":\"LYCA Expertise & Conseils\",\"url\":\"https:\/\/www.lyca-ec.fr\/\",\"logo\":{\"@type\":\"ImageObject\",\"inLanguage\":\"fr-FR\",\"@id\":\"https:\/\/www.lyca-ec.fr\/#\/schema\/logo\/image\/\",\"url\":\"https:\/\/www.lyca-ec.fr\/wp-content\/uploads\/2022\/11\/cropped-cropped-Copie-de-Noir-et-Or-Cercle-Immobilier-Logo-2_prev_ui.png\",\"contentUrl\":\"https:\/\/www.lyca-ec.fr\/wp-content\/uploads\/2022\/11\/cropped-cropped-Copie-de-Noir-et-Or-Cercle-Immobilier-Logo-2_prev_ui.png\",\"width\":305,\"height\":300,\"caption\":\"LYCA Expertise & Conseils\"},\"image\":{\"@id\":\"https:\/\/www.lyca-ec.fr\/#\/schema\/logo\/image\/\"},\"sameAs\":[\"https:\/\/www.linkedin.com\/company\/lyca-expertise-conseils\"]}]}<\/script>\n<!-- \/ Yoast SEO plugin. -->","yoast_head_json":{"title":"Suivi de gestion : Pr\u00e9visionnel de gestion -","robots":{"index":"index","follow":"follow","max-snippet":"max-snippet:-1","max-image-preview":"max-image-preview:large","max-video-preview":"max-video-preview:-1"},"canonical":"https:\/\/www.lyca-ec.fr\/?page_id=685","og_locale":"fr_FR","og_type":"article","og_title":"Suivi de gestion : Pr\u00e9visionnel de gestion -","og_description":"Pr\u00e9visionnel Un service sur mesure Appuyez vous sur notre expertise pour monter un projet r\u00e9aliste et cr\u00e9dible En tant que dirigeant, vous souhaitez augmenter la performance de votre entreprise, appr\u00e9hender &hellip; Suivi de gestion : Pr\u00e9visionnel de gestion Lire la suite\u00a0\u00bb","og_url":"https:\/\/www.lyca-ec.fr\/?page_id=685","article_modified_time":"2023-01-14T11:14:27+00:00","og_image":[{"url":"https:\/\/www.lyca-ec.fr\/wp-content\/uploads\/2019\/06\/feature2-free-img.png"}],"twitter_card":"summary_large_image","twitter_misc":{"Dur\u00e9e de lecture estim\u00e9e":"1 minute"},"schema":{"@context":"https:\/\/schema.org","@graph":[{"@type":"WebPage","@id":"https:\/\/www.lyca-ec.fr\/?page_id=685","url":"https:\/\/www.lyca-ec.fr\/?page_id=685","name":"Suivi de gestion : Pr\u00e9visionnel de gestion -","isPartOf":{"@id":"https:\/\/www.lyca-ec.fr\/#website"},"datePublished":"2022-11-27T16:46:28+00:00","dateModified":"2023-01-14T11:14:27+00:00","breadcrumb":{"@id":"https:\/\/www.lyca-ec.fr\/?page_id=685#breadcrumb"},"inLanguage":"fr-FR","potentialAction":[{"@type":"ReadAction","target":["https:\/\/www.lyca-ec.fr\/?page_id=685"]}]},{"@type":"BreadcrumbList","@id":"https:\/\/www.lyca-ec.fr\/?page_id=685#breadcrumb","itemListElement":[{"@type":"ListItem","position":1,"name":"Accueil","item":"https:\/\/www.lyca-ec.fr\/"},{"@type":"ListItem","position":2,"name":"Suivi de gestion : Pr\u00e9visionnel de gestion"}]},{"@type":"WebSite","@id":"https:\/\/www.lyca-ec.fr\/#website","url":"https:\/\/www.lyca-ec.fr\/","name":"LYCA Expertise & Conseils","description":"LYCA Expertise &amp; Conseils","publisher":{"@id":"https:\/\/www.lyca-ec.fr\/#organization"},"potentialAction":[{"@type":"SearchAction","target":{"@type":"EntryPoint","urlTemplate":"https:\/\/www.lyca-ec.fr\/?s={search_term_string}"},"query-input":"required name=search_term_string"}],"inLanguage":"fr-FR"},{"@type":"Organization","@id":"https:\/\/www.lyca-ec.fr\/#organization","name":"LYCA Expertise & Conseils","url":"https:\/\/www.lyca-ec.fr\/","logo":{"@type":"ImageObject","inLanguage":"fr-FR","@id":"https:\/\/www.lyca-ec.fr\/#\/schema\/logo\/image\/","url":"https:\/\/www.lyca-ec.fr\/wp-content\/uploads\/2022\/11\/cropped-cropped-Copie-de-Noir-et-Or-Cercle-Immobilier-Logo-2_prev_ui.png","contentUrl":"https:\/\/www.lyca-ec.fr\/wp-content\/uploads\/2022\/11\/cropped-cropped-Copie-de-Noir-et-Or-Cercle-Immobilier-Logo-2_prev_ui.png","width":305,"height":300,"caption":"LYCA Expertise & Conseils"},"image":{"@id":"https:\/\/www.lyca-ec.fr\/#\/schema\/logo\/image\/"},"sameAs":["https:\/\/www.linkedin.com\/company\/lyca-expertise-conseils"]}]}},"_links":{"self":[{"href":"https:\/\/www.lyca-ec.fr\/index.php?rest_route=\/wp\/v2\/pages\/685","targetHints":{"allow":["GET"]}}],"collection":[{"href":"https:\/\/www.lyca-ec.fr\/index.php?rest_route=\/wp\/v2\/pages"}],"about":[{"href":"https:\/\/www.lyca-ec.fr\/index.php?rest_route=\/wp\/v2\/types\/page"}],"author":[{"embeddable":true,"href":"https:\/\/www.lyca-ec.fr\/index.php?rest_route=\/wp\/v2\/users\/1"}],"replies":[{"embeddable":true,"href":"https:\/\/www.lyca-ec.fr\/index.php?rest_route=%2Fwp%2Fv2%2Fcomments&post=685"}],"version-history":[{"count":77,"href":"https:\/\/www.lyca-ec.fr\/index.php?rest_route=\/wp\/v2\/pages\/685\/revisions"}],"predecessor-version":[{"id":1611,"href":"https:\/\/www.lyca-ec.fr\/index.php?rest_route=\/wp\/v2\/pages\/685\/revisions\/1611"}],"wp:attachment":[{"href":"https:\/\/www.lyca-ec.fr\/index.php?rest_route=%2Fwp%2Fv2%2Fmedia&parent=685"}],"curies":[{"name":"wp","href":"https:\/\/api.w.org\/{rel}","templated":true}]}}