{"id":687,"date":"2022-11-27T17:48:01","date_gmt":"2022-11-27T16:48:01","guid":{"rendered":"https:\/\/www.lyca-ec.fr\/?page_id=687"},"modified":"2023-01-14T12:13:44","modified_gmt":"2023-01-14T11:13:44","slug":"pilotage-tableau-de-bord","status":"publish","type":"page","link":"https:\/\/www.lyca-ec.fr\/?page_id=687","title":{"rendered":"Pilotage : Tableau de bord"},"content":{"rendered":"\t\t<div data-elementor-type=\"wp-page\" data-elementor-id=\"687\" class=\"elementor elementor-687\">\n\t\t\t\t\t\t\t\t\t<section class=\"elementor-section elementor-top-section elementor-element elementor-element-9ce29c7 elementor-section-boxed elementor-section-height-default elementor-section-height-default\" data-id=\"9ce29c7\" data-element_type=\"section\" data-settings=\"{&quot;background_background&quot;:&quot;classic&quot;}\">\n\t\t\t\t\t\t\t<div class=\"elementor-background-overlay\"><\/div>\n\t\t\t\t\t\t\t<div class=\"elementor-container elementor-column-gap-no\">\n\t\t\t\t\t<div class=\"elementor-column elementor-col-100 elementor-top-column elementor-element elementor-element-ee93394\" data-id=\"ee93394\" data-element_type=\"column\">\n\t\t\t<div class=\"elementor-widget-wrap elementor-element-populated\">\n\t\t\t\t\t\t\t\t<div class=\"elementor-element elementor-element-472b427 elementor-widget elementor-widget-heading\" data-id=\"472b427\" data-element_type=\"widget\" data-widget_type=\"heading.default\">\n\t\t\t\t<div class=\"elementor-widget-container\">\n\t\t\t<style>\/*! elementor - v3.18.0 - 20-12-2023 *\/\n.elementor-heading-title{padding:0;margin:0;line-height:1}.elementor-widget-heading .elementor-heading-title[class*=elementor-size-]>a{color:inherit;font-size:inherit;line-height:inherit}.elementor-widget-heading .elementor-heading-title.elementor-size-small{font-size:15px}.elementor-widget-heading .elementor-heading-title.elementor-size-medium{font-size:19px}.elementor-widget-heading .elementor-heading-title.elementor-size-large{font-size:29px}.elementor-widget-heading .elementor-heading-title.elementor-size-xl{font-size:39px}.elementor-widget-heading .elementor-heading-title.elementor-size-xxl{font-size:59px}<\/style><h1 class=\"elementor-heading-title elementor-size-default\">Tableau de bord<\/h1>\t\t<\/div>\n\t\t\t\t<\/div>\n\t\t\t\t\t<\/div>\n\t\t<\/div>\n\t\t\t\t\t\t\t<\/div>\n\t\t<\/section>\n\t\t\t\t<section class=\"elementor-section elementor-top-section elementor-element elementor-element-ed728b3 elementor-section-boxed elementor-section-height-default elementor-section-height-default\" data-id=\"ed728b3\" data-element_type=\"section\" data-settings=\"{&quot;background_background&quot;:&quot;classic&quot;}\">\n\t\t\t\t\t\t<div class=\"elementor-container elementor-column-gap-default\">\n\t\t\t\t\t<div class=\"elementor-column elementor-col-100 elementor-top-column elementor-element elementor-element-1b05274\" data-id=\"1b05274\" data-element_type=\"column\">\n\t\t\t<div class=\"elementor-widget-wrap elementor-element-populated\">\n\t\t\t\t\t\t\t\t<section class=\"elementor-section elementor-inner-section elementor-element elementor-element-3bd67fe elementor-reverse-mobile elementor-section-boxed elementor-section-height-default elementor-section-height-default\" data-id=\"3bd67fe\" data-element_type=\"section\">\n\t\t\t\t\t\t<div class=\"elementor-container elementor-column-gap-no\">\n\t\t\t\t\t<div class=\"elementor-column elementor-col-50 elementor-inner-column elementor-element elementor-element-a216805\" data-id=\"a216805\" data-element_type=\"column\">\n\t\t\t<div class=\"elementor-widget-wrap elementor-element-populated\">\n\t\t\t\t\t\t\t\t<div class=\"elementor-element elementor-element-5dd6bbe elementor-widget elementor-widget-heading\" data-id=\"5dd6bbe\" data-element_type=\"widget\" data-widget_type=\"heading.default\">\n\t\t\t\t<div class=\"elementor-widget-container\">\n\t\t\t<h2 class=\"elementor-heading-title elementor-size-default\"><span style=\"color: rgb(200, 154, 52); font-weight: 700;\">Elaboration et suivi<\/span><\/h2>\t\t<\/div>\n\t\t\t\t<\/div>\n\t\t\t\t<div class=\"elementor-element elementor-element-6c8f915 elementor-widget elementor-widget-heading\" data-id=\"6c8f915\" data-element_type=\"widget\" data-widget_type=\"heading.default\">\n\t\t\t\t<div class=\"elementor-widget-container\">\n\t\t\t<h4 class=\"elementor-heading-title elementor-size-default\"><div><span data-canva-clipboard=\"ewAiAGEAIgA6ADUALAAiAGQAIgA6ACIAQgAiACwAIgBoACIAOgAiAHcAdwB3AC4AYwBhAG4AdgBhAC4AYwBvAG0AIgAsACIAYwAiADoAIgBEAEEARgBPAFIATQBBAEUAcABpADgAIgAsACIAaQAiADoAIgBuAGIANQB6AG4AaQAtAG0AcABLAFIAMwBPAEsARQBTAHkARQBtADAASQBBACIALAAiAGIAIgA6ADEANgA3ADEANAA3ADAAMQAwADcANQAyADUALAAiAEEAPwAiADoAIgBCACIALAAiAEEAIgA6AFsAewAiAEEAIgA6ADQANQAzAC4AMgA1ADkAOAA4ADIANQAxADkANgA4ADUAMQAsACIAQgAiADoAMgAyAC4ANAAxADEANQA2ADQANAAzADQANgAyADUAOQAxADYALAAiAEQAIgA6ADMAMgAwAC4AOAA3ADYAOAA0ADgAMgAzADgAMwAxADUAOQAsACIAQwAiADoAMQAwADcALgA5ADkAOQA5ADYALAAiAE4AIgA6ACIAcABhAHIAYQBnAHIAYQBwAGgAIgAsACIAQQA\/ACIAOgAiAEsAIgAsACIAYQAiADoAewAiAEEAIgA6AFsAewAiAEEAPwAiADoAIgBBACIALAAiAEEAIgA6ACIAQQBwAHAAdQB5AGUAegAgAHYAbwB1AHMAIABzAHUAcgAgAG4AbwB0AHIAZQAgAGUAeABwAGUAcgB0AGkAcwBlACAAcABvAHUAcgAgAHAAaQBsAG8AdABlAHIAIAB2AG8AdAByAGUAIABlAG4AdAByAGUAcAByAGkAcwBlACAAZQB0ACAAcwB1AGkAdgByAGUAIABzAGEAIABwAGUAcgBmAG8AcgBtAGEAbgBjAGUAXABuACIAfQBdACwAIgBCACIAOgBbAHsAIgBBAD8AIgA6ACIAQQAiACwAIgBBACIAOgB7ACIAYwBvAGwAbwByACIAOgB7ACIAQgAiADoAIgAjADQAZAA0AGQANABkACIAfQAsACIAZgBvAG4AdAAtAHcAZQBpAGcAaAB0ACIAOgB7ACIAQgAiADoAIgBiAG8AbABkACIAfQAsACIAZgBvAG4AdAAtAHMAaQB6AGUAIgA6AHsAIgBCACIAOgAiADIAMAAuADAAMAAwADIAIgB9ACwAIgBmAG8AbgB0AC0AZgBhAG0AaQBsAHkAIgA6AHsAIgBCACIAOgAiAFkAQQBEADcAUQBoAEcAMgBUADYAbwAsADAAIgB9ACwAIgB0AGUAeAB0AC0AYQBsAGkAZwBuACIAOgB7ACIAQgAiADoAIgBjAGUAbgB0AGUAcgAiAH0AfQB9ACwAewAiAEEAPwAiADoAIgBCACIALAAiAEEAIgA6ADgANwB9ACwAewAiAEEAPwAiADoAIgBBACIALAAiAEEAIgA6AHsAIgB0AGUAeAB0AC0AdAByAGEAbgBzAGYAbwByAG0AIgA6AHsAIgBCACIAOgAiAG4AbwBuAGUAIgB9ACwAIgBsAGUAYQBkAGkAbgBnACIAOgB7ACIAQgAiADoAIgAxADQAMAAwAC4AMAAiAH0ALAAiAGYAbwBuAHQALQBzAHQAeQBsAGUAIgA6AHsAIgBCACIAOgAiAG4AbwByAG0AYQBsACIAfQAsACIAdAByAGEAYwBrAGkAbgBnACIAOgB7ACIAQgAiADoAIgAwAC4AMAAiAH0AfQB9ACwAewAiAEEAPwAiADoAIgBCACIALAAiAEEAIgA6ADEAfQAsAHsAIgBBAD8AIgA6ACIAQQAiACwAIgBBACIAOgB7ACIAdABlAHgAdAAtAHQAcgBhAG4AcwBmAG8AcgBtACIAOgB7ACIAQQAiADoAIgBuAG8AbgBlACIAfQAsACIAYwBvAGwAbwByACIAOgB7ACIAQQAiADoAIgAjADQAZAA0AGQANABkACIAfQAsACIAbABlAGEAZABpAG4AZwAiADoAewAiAEEAIgA6ACIAMQA0ADAAMAAuADAAIgB9ACwAIgBmAG8AbgB0AC0AdwBlAGkAZwBoAHQAIgA6AHsAIgBBACIAOgAiAGIAbwBsAGQAIgB9ACwAIgBmAG8AbgB0AC0AcwBpAHoAZQAiADoAewAiAEEAIgA6ACIAMgAwAC4AMAAwADAAMgAiAH0ALAAiAGYAbwBuAHQALQBmAGEAbQBpAGwAeQAiADoAewAiAEEAIgA6ACIAWQBBAEQANwBRAGgARwAyAFQANgBvACwAMAAiAH0ALAAiAGYAbwBuAHQALQBzAHQAeQBsAGUAIgA6AHsAIgBBACIAOgAiAG4AbwByAG0AYQBsACIAfQAsACIAdAByAGEAYwBrAGkAbgBnACIAOgB7ACIAQQAiADoAIgAwAC4AMAAiAH0ALAAiAHQAZQB4AHQALQBhAGwAaQBnAG4AIgA6AHsAIgBBACIAOgAiAGMAZQBuAHQAZQByACIAfQB9AH0AXQB9ACwAIgBiACIAOgB7AH0ALAAiAGQAIgA6ACIAQQAiACwAIgBnACIAOgBmAGEAbABzAGUALAAiAGgAIgA6ACIAQQAiAH0AXQAsACIAQgAiADoANwA5ADMALgA3ADAAMAA3ADgANwA0ADAAMQA1ADcANAA5ACwAIgBDACIAOgAxADEAMgAyAC4ANQAxADkANgA4ADUAMAAzADkAMwA3ADAAMgB9AA==\"><\/span><\/div><span style=\"font-style: inherit; color: var(--ast-global-color-2); background-color: var(--ast-global-color-5);\"><b>Appuyez vous sur notre expertise pour piloter votre entreprise et suivre sa performance<\/b><\/span><\/h4>\t\t<\/div>\n\t\t\t\t<\/div>\n\t\t\t\t<div class=\"elementor-element elementor-element-5816557 elementor-widget elementor-widget-spacer\" data-id=\"5816557\" data-element_type=\"widget\" data-widget_type=\"spacer.default\">\n\t\t\t\t<div class=\"elementor-widget-container\">\n\t\t\t<style>\/*! elementor - v3.18.0 - 20-12-2023 *\/\n.elementor-column .elementor-spacer-inner{height:var(--spacer-size)}.e-con{--container-widget-width:100%}.e-con-inner>.elementor-widget-spacer,.e-con>.elementor-widget-spacer{width:var(--container-widget-width,var(--spacer-size));--align-self:var(--container-widget-align-self,initial);--flex-shrink:0}.e-con-inner>.elementor-widget-spacer>.elementor-widget-container,.e-con>.elementor-widget-spacer>.elementor-widget-container{height:100%;width:100%}.e-con-inner>.elementor-widget-spacer>.elementor-widget-container>.elementor-spacer,.e-con>.elementor-widget-spacer>.elementor-widget-container>.elementor-spacer{height:100%}.e-con-inner>.elementor-widget-spacer>.elementor-widget-container>.elementor-spacer>.elementor-spacer-inner,.e-con>.elementor-widget-spacer>.elementor-widget-container>.elementor-spacer>.elementor-spacer-inner{height:var(--container-widget-height,var(--spacer-size))}.e-con-inner>.elementor-widget-spacer.elementor-widget-empty,.e-con>.elementor-widget-spacer.elementor-widget-empty{position:relative;min-height:22px;min-width:22px}.e-con-inner>.elementor-widget-spacer.elementor-widget-empty .elementor-widget-empty-icon,.e-con>.elementor-widget-spacer.elementor-widget-empty .elementor-widget-empty-icon{position:absolute;top:0;bottom:0;left:0;right:0;margin:auto;padding:0;width:22px;height:22px}<\/style>\t\t<div class=\"elementor-spacer\">\n\t\t\t<div class=\"elementor-spacer-inner\"><\/div>\n\t\t<\/div>\n\t\t\t\t<\/div>\n\t\t\t\t<\/div>\n\t\t\t\t<div class=\"elementor-element elementor-element-9434c23 elementor-widget elementor-widget-heading\" data-id=\"9434c23\" data-element_type=\"widget\" data-widget_type=\"heading.default\">\n\t\t\t\t<div class=\"elementor-widget-container\">\n\t\t\t<h4 class=\"elementor-heading-title elementor-size-default\"><h4 style=\"font-size: 1.33333rem; font-style: normal; color: rgb(77, 77, 77); line-height: 22px; white-space: normal; font-family: &quot;YAD7QhG2T6o 0&quot;, _fb_, auto; --font-size: 16px; --line-height: 1.4;\"><span style=\"color: rgb(200, 154, 52); font-weight: bold; font-style: italic;\">Vos besoins<\/span><\/h4><\/h4>\t\t<\/div>\n\t\t\t\t<\/div>\n\t\t\t\t<div class=\"elementor-element elementor-element-42e8106 elementor-widget elementor-widget-text-editor\" data-id=\"42e8106\" data-element_type=\"widget\" data-widget_type=\"text-editor.default\">\n\t\t\t\t<div class=\"elementor-widget-container\">\n\t\t\t<style>\/*! elementor - v3.18.0 - 20-12-2023 *\/\n.elementor-widget-text-editor.elementor-drop-cap-view-stacked .elementor-drop-cap{background-color:#69727d;color:#fff}.elementor-widget-text-editor.elementor-drop-cap-view-framed .elementor-drop-cap{color:#69727d;border:3px solid;background-color:transparent}.elementor-widget-text-editor:not(.elementor-drop-cap-view-default) .elementor-drop-cap{margin-top:8px}.elementor-widget-text-editor:not(.elementor-drop-cap-view-default) .elementor-drop-cap-letter{width:1em;height:1em}.elementor-widget-text-editor .elementor-drop-cap{float:left;text-align:center;line-height:1;font-size:50px}.elementor-widget-text-editor .elementor-drop-cap-letter{display:inline-block}<\/style>\t\t\t\t<div><p>Nous sommes votre conseil permanent pour vous assister \u00e0 organiser, diriger votre entreprise ou effectuer les bons choix financiers. Nous vous offrons la garantie du savoir faire et l\u2019exp\u00e9rience d\u2019un cabinet d\u2019expertise comptable, proche de vous, r\u00e9actif et professionnel<\/p><ul><li>Suivre son entreprise de mani\u00e8re r\u00e9guli\u00e8re\u00a0<\/li><li>Conna\u00eetre la r\u00e9alit\u00e9 de sa situation pour appr\u00e9hender l&rsquo;avenir<\/li><li>R\u00e9fl\u00e9chir r\u00e9guli\u00e8rement aux actions \u00e0 mener\u00a0<\/li><li>Echanger avec le cabinet pour optimiser ses actions<\/li><\/ul><p>\u00a0<\/p><\/div>\t\t\t\t\t\t<\/div>\n\t\t\t\t<\/div>\n\t\t\t\t\t<\/div>\n\t\t<\/div>\n\t\t\t\t<div class=\"elementor-column elementor-col-50 elementor-inner-column elementor-element elementor-element-e272e1b\" data-id=\"e272e1b\" data-element_type=\"column\" data-settings=\"{&quot;background_background&quot;:&quot;classic&quot;}\">\n\t\t\t<div class=\"elementor-widget-wrap elementor-element-populated\">\n\t\t\t\t\t\t\t\t<div class=\"elementor-element elementor-element-202be7a elementor-widget elementor-widget-image\" data-id=\"202be7a\" data-element_type=\"widget\" data-widget_type=\"image.default\">\n\t\t\t\t<div class=\"elementor-widget-container\">\n\t\t\t<style>\/*! elementor - v3.18.0 - 20-12-2023 *\/\n.elementor-widget-image{text-align:center}.elementor-widget-image a{display:inline-block}.elementor-widget-image a img[src$=\".svg\"]{width:48px}.elementor-widget-image img{vertical-align:middle;display:inline-block}<\/style>\t\t\t\t\t\t\t\t\t\t\t\t<img fetchpriority=\"high\" decoding=\"async\" width=\"400\" height=\"400\" src=\"https:\/\/www.lyca-ec.fr\/wp-content\/uploads\/2019\/06\/feature1-free-img.png\" class=\"attachment-full size-full wp-image-125\" alt=\"\" srcset=\"https:\/\/www.lyca-ec.fr\/wp-content\/uploads\/2019\/06\/feature1-free-img.png 400w, https:\/\/www.lyca-ec.fr\/wp-content\/uploads\/2019\/06\/feature1-free-img-300x300.png 300w, https:\/\/www.lyca-ec.fr\/wp-content\/uploads\/2019\/06\/feature1-free-img-150x150.png 150w\" sizes=\"(max-width: 400px) 100vw, 400px\" \/>\t\t\t\t\t\t\t\t\t\t\t\t\t\t\t<\/div>\n\t\t\t\t<\/div>\n\t\t\t\t\t<\/div>\n\t\t<\/div>\n\t\t\t\t\t\t\t<\/div>\n\t\t<\/section>\n\t\t\t\t<div class=\"elementor-element elementor-element-fd29958 elementor-widget elementor-widget-heading\" data-id=\"fd29958\" data-element_type=\"widget\" data-widget_type=\"heading.default\">\n\t\t\t\t<div class=\"elementor-widget-container\">\n\t\t\t<h2 class=\"elementor-heading-title elementor-size-default\">Comment allons nous proc\u00e9der ?<\/h2>\t\t<\/div>\n\t\t\t\t<\/div>\n\t\t\t\t<div class=\"elementor-element elementor-element-4bebef3 elementor-widget elementor-widget-spacer\" data-id=\"4bebef3\" data-element_type=\"widget\" data-widget_type=\"spacer.default\">\n\t\t\t\t<div class=\"elementor-widget-container\">\n\t\t\t\t\t<div class=\"elementor-spacer\">\n\t\t\t<div class=\"elementor-spacer-inner\"><\/div>\n\t\t<\/div>\n\t\t\t\t<\/div>\n\t\t\t\t<\/div>\n\t\t\t\t<div class=\"elementor-element elementor-element-84dad9d elementor-widget elementor-widget-text-editor\" data-id=\"84dad9d\" data-element_type=\"widget\" data-widget_type=\"text-editor.default\">\n\t\t\t\t<div class=\"elementor-widget-container\">\n\t\t\t\t\t\t\t<p><span style=\"color: #3366ff;\"><strong style=\"font-style: inherit; background-color: var(--ast-global-color-5);\">Etude<\/strong><\/span><span style=\"font-style: inherit; font-weight: inherit; background-color: var(--ast-global-color-5); color: var(--ast-global-color-3);\"> : <\/span><span style=\"font-size: 16px;\">D\u00e9finir les indicateurs cl\u00e9 de votre entreprise. Mettre en place une organisation pour anticiper les tendances d&rsquo;\u00e9volution<\/span><\/p><p><span style=\"color: #3366ff;\"><strong>Mise en place : <\/strong><\/span><span style=\"font-size: 16px;\">D\u00e9finir les d\u00e9lais n\u00e9cessaires et attendus pour obtenir l&rsquo;information utile. R\u00e9fl\u00e9chir aux informations que vous devez suivre et transmettre au cabinet.<\/span><\/p><p><span style=\"color: #3366ff;\"><strong>Tableau de bord: <\/strong><\/span><span style=\"font-size: 16px;\">En un rien de temps vous pouvez comprendre et analyser la situation de votre entreprise gr\u00e2ce aux graphiques propos\u00e9s dans le tableau de bord comptable et anticiper les risques d&rsquo;exploitation et les probl\u00e8mes de tr\u00e9sorerie<\/span><\/p>\t\t\t\t\t\t<\/div>\n\t\t\t\t<\/div>\n\t\t\t\t<div class=\"elementor-element elementor-element-da5a218 elementor-widget elementor-widget-spacer\" data-id=\"da5a218\" data-element_type=\"widget\" data-widget_type=\"spacer.default\">\n\t\t\t\t<div class=\"elementor-widget-container\">\n\t\t\t\t\t<div class=\"elementor-spacer\">\n\t\t\t<div class=\"elementor-spacer-inner\"><\/div>\n\t\t<\/div>\n\t\t\t\t<\/div>\n\t\t\t\t<\/div>\n\t\t\t\t<div class=\"elementor-element elementor-element-be9a66f elementor-widget elementor-widget-text-editor\" data-id=\"be9a66f\" data-element_type=\"widget\" data-widget_type=\"text-editor.default\">\n\t\t\t\t<div class=\"elementor-widget-container\">\n\t\t\t\t\t\t\t<h2 class=\"elementor-heading-title elementor-size-default elementor-inline-editing pen\" contenteditable=\"true\" data-elementor-setting-key=\"title\" data-pen-placeholder=\"\u00c9crivez ici...\"><span style=\"color: #c89a34;\"><b>N&rsquo;attendez plus<\/b><\/span><\/h2><p style=\"padding-left: 40px;\"><em><strong><span style=\"color: #0000ff;\">Rentrez en contact avec notre cabinet et b\u00e9n\u00e9ficiez de l\u2019accompagnement qui vous permet de vous consacrer \u00e0 100 % sur votre m\u00e9tier\u00a0!<\/span><\/strong><\/em><\/p><div>\u00a0<\/div>\t\t\t\t\t\t<\/div>\n\t\t\t\t<\/div>\n\t\t\t\t<div class=\"elementor-element elementor-element-0c53a28 elementor-align-center elementor-widget elementor-widget-button\" data-id=\"0c53a28\" data-element_type=\"widget\" data-widget_type=\"button.default\">\n\t\t\t\t<div class=\"elementor-widget-container\">\n\t\t\t\t\t<div class=\"elementor-button-wrapper\">\n\t\t\t<a class=\"elementor-button elementor-button-link elementor-size-sm\" href=\"https:\/\/www.lyca-ec.fr\/?page_id=314\">\n\t\t\t\t\t\t<span class=\"elementor-button-content-wrapper\">\n\t\t\t\t\t\t<span class=\"elementor-button-text\">Contactez-nous<\/span>\n\t\t<\/span>\n\t\t\t\t\t<\/a>\n\t\t<\/div>\n\t\t\t\t<\/div>\n\t\t\t\t<\/div>\n\t\t\t\t\t<\/div>\n\t\t<\/div>\n\t\t\t\t\t\t\t<\/div>\n\t\t<\/section>\n\t\t\t\t<section class=\"elementor-section elementor-top-section elementor-element elementor-element-c48e454 elementor-section-boxed elementor-section-height-default elementor-section-height-default\" data-id=\"c48e454\" data-element_type=\"section\">\n\t\t\t\t\t\t<div class=\"elementor-container elementor-column-gap-default\">\n\t\t\t\t\t<div class=\"elementor-column elementor-col-100 elementor-top-column elementor-element elementor-element-90d783c\" data-id=\"90d783c\" data-element_type=\"column\">\n\t\t\t<div class=\"elementor-widget-wrap elementor-element-populated\">\n\t\t\t\t\t\t\t\t<div class=\"elementor-element elementor-element-223dce6 elementor-widget elementor-widget-spacer\" data-id=\"223dce6\" data-element_type=\"widget\" data-widget_type=\"spacer.default\">\n\t\t\t\t<div class=\"elementor-widget-container\">\n\t\t\t\t\t<div class=\"elementor-spacer\">\n\t\t\t<div class=\"elementor-spacer-inner\"><\/div>\n\t\t<\/div>\n\t\t\t\t<\/div>\n\t\t\t\t<\/div>\n\t\t\t\t\t<\/div>\n\t\t<\/div>\n\t\t\t\t\t\t\t<\/div>\n\t\t<\/section>\n\t\t\t\t\t\t\t<\/div>\n\t\t","protected":false},"excerpt":{"rendered":"<p>Tableau de bord Elaboration et suivi Appuyez vous sur notre expertise pour piloter votre entreprise et suivre sa performance Vos besoins Nous sommes votre conseil permanent pour vous assister \u00e0 &hellip;<\/p>\n<p class=\"read-more\"> <a class=\"\" href=\"https:\/\/www.lyca-ec.fr\/?page_id=687\"> <span class=\"screen-reader-text\">Pilotage : Tableau de bord<\/span> Lire la suite\u00a0\u00bb<\/a><\/p>\n","protected":false},"author":1,"featured_media":0,"parent":0,"menu_order":0,"comment_status":"closed","ping_status":"closed","template":"","meta":{"site-sidebar-layout":"no-sidebar","site-content-layout":"page-builder","ast-global-header-display":"","ast-main-header-display":"","ast-hfb-above-header-display":"","ast-hfb-below-header-display":"","ast-hfb-mobile-header-display":"","site-post-title":"disabled","ast-breadcrumbs-content":"","ast-featured-img":"disabled","footer-sml-layout":"","theme-transparent-header-meta":"","adv-header-id-meta":"","stick-header-meta":"","header-above-stick-meta":"","header-main-stick-meta":"","header-below-stick-meta":"","_price":"","_stock":"","_tribe_ticket_header":"","_tribe_default_ticket_provider":"","_tribe_ticket_capacity":"0","_ticket_start_date":"","_ticket_end_date":"","_tribe_ticket_show_description":"","_tribe_ticket_show_not_going":false,"_tribe_ticket_use_global_stock":"","_tribe_ticket_global_stock_level":"","_global_stock_mode":"","_global_stock_cap":"","_tribe_rsvp_for_event":"","_tribe_ticket_going_count":"","_tribe_ticket_not_going_count":"","_tribe_tickets_list":"[]","_tribe_ticket_has_attendee_info_fields":false,"footnotes":""},"class_list":["post-687","page","type-page","status-publish","hentry"],"yoast_head":"<!-- This site is optimized with the Yoast SEO plugin v21.9.1 - https:\/\/yoast.com\/wordpress\/plugins\/seo\/ -->\n<title>Pilotage : Tableau de bord -<\/title>\n<meta name=\"robots\" content=\"index, follow, max-snippet:-1, max-image-preview:large, max-video-preview:-1\" \/>\n<link rel=\"canonical\" href=\"https:\/\/www.lyca-ec.fr\/?page_id=687\" \/>\n<meta property=\"og:locale\" content=\"fr_FR\" \/>\n<meta property=\"og:type\" content=\"article\" \/>\n<meta property=\"og:title\" content=\"Pilotage : Tableau de bord -\" \/>\n<meta property=\"og:description\" content=\"Tableau de bord Elaboration et suivi Appuyez vous sur notre expertise pour piloter votre entreprise et suivre sa performance Vos besoins Nous sommes votre conseil permanent pour vous assister \u00e0 &hellip; Pilotage : Tableau de bord Lire la suite\u00a0\u00bb\" \/>\n<meta property=\"og:url\" content=\"https:\/\/www.lyca-ec.fr\/?page_id=687\" \/>\n<meta property=\"article:modified_time\" content=\"2023-01-14T11:13:44+00:00\" \/>\n<meta property=\"og:image\" content=\"https:\/\/www.lyca-ec.fr\/wp-content\/uploads\/2019\/06\/feature1-free-img.png\" \/>\n<meta name=\"twitter:card\" content=\"summary_large_image\" \/>\n<meta name=\"twitter:label1\" content=\"Dur\u00e9e de lecture estim\u00e9e\" \/>\n\t<meta name=\"twitter:data1\" content=\"1 minute\" \/>\n<script type=\"application\/ld+json\" class=\"yoast-schema-graph\">{\"@context\":\"https:\/\/schema.org\",\"@graph\":[{\"@type\":\"WebPage\",\"@id\":\"https:\/\/www.lyca-ec.fr\/?page_id=687\",\"url\":\"https:\/\/www.lyca-ec.fr\/?page_id=687\",\"name\":\"Pilotage : Tableau de bord -\",\"isPartOf\":{\"@id\":\"https:\/\/www.lyca-ec.fr\/#website\"},\"datePublished\":\"2022-11-27T16:48:01+00:00\",\"dateModified\":\"2023-01-14T11:13:44+00:00\",\"breadcrumb\":{\"@id\":\"https:\/\/www.lyca-ec.fr\/?page_id=687#breadcrumb\"},\"inLanguage\":\"fr-FR\",\"potentialAction\":[{\"@type\":\"ReadAction\",\"target\":[\"https:\/\/www.lyca-ec.fr\/?page_id=687\"]}]},{\"@type\":\"BreadcrumbList\",\"@id\":\"https:\/\/www.lyca-ec.fr\/?page_id=687#breadcrumb\",\"itemListElement\":[{\"@type\":\"ListItem\",\"position\":1,\"name\":\"Accueil\",\"item\":\"https:\/\/www.lyca-ec.fr\/\"},{\"@type\":\"ListItem\",\"position\":2,\"name\":\"Pilotage : Tableau de bord\"}]},{\"@type\":\"WebSite\",\"@id\":\"https:\/\/www.lyca-ec.fr\/#website\",\"url\":\"https:\/\/www.lyca-ec.fr\/\",\"name\":\"LYCA Expertise & Conseils\",\"description\":\"LYCA Expertise &amp; Conseils\",\"publisher\":{\"@id\":\"https:\/\/www.lyca-ec.fr\/#organization\"},\"potentialAction\":[{\"@type\":\"SearchAction\",\"target\":{\"@type\":\"EntryPoint\",\"urlTemplate\":\"https:\/\/www.lyca-ec.fr\/?s={search_term_string}\"},\"query-input\":\"required name=search_term_string\"}],\"inLanguage\":\"fr-FR\"},{\"@type\":\"Organization\",\"@id\":\"https:\/\/www.lyca-ec.fr\/#organization\",\"name\":\"LYCA Expertise & Conseils\",\"url\":\"https:\/\/www.lyca-ec.fr\/\",\"logo\":{\"@type\":\"ImageObject\",\"inLanguage\":\"fr-FR\",\"@id\":\"https:\/\/www.lyca-ec.fr\/#\/schema\/logo\/image\/\",\"url\":\"https:\/\/www.lyca-ec.fr\/wp-content\/uploads\/2022\/11\/cropped-cropped-Copie-de-Noir-et-Or-Cercle-Immobilier-Logo-2_prev_ui.png\",\"contentUrl\":\"https:\/\/www.lyca-ec.fr\/wp-content\/uploads\/2022\/11\/cropped-cropped-Copie-de-Noir-et-Or-Cercle-Immobilier-Logo-2_prev_ui.png\",\"width\":305,\"height\":300,\"caption\":\"LYCA Expertise & Conseils\"},\"image\":{\"@id\":\"https:\/\/www.lyca-ec.fr\/#\/schema\/logo\/image\/\"},\"sameAs\":[\"https:\/\/www.linkedin.com\/company\/lyca-expertise-conseils\"]}]}<\/script>\n<!-- \/ Yoast SEO plugin. -->","yoast_head_json":{"title":"Pilotage : Tableau de bord -","robots":{"index":"index","follow":"follow","max-snippet":"max-snippet:-1","max-image-preview":"max-image-preview:large","max-video-preview":"max-video-preview:-1"},"canonical":"https:\/\/www.lyca-ec.fr\/?page_id=687","og_locale":"fr_FR","og_type":"article","og_title":"Pilotage : Tableau de bord -","og_description":"Tableau de bord Elaboration et suivi Appuyez vous sur notre expertise pour piloter votre entreprise et suivre sa performance Vos besoins Nous sommes votre conseil permanent pour vous assister \u00e0 &hellip; Pilotage : Tableau de bord Lire la suite\u00a0\u00bb","og_url":"https:\/\/www.lyca-ec.fr\/?page_id=687","article_modified_time":"2023-01-14T11:13:44+00:00","og_image":[{"url":"https:\/\/www.lyca-ec.fr\/wp-content\/uploads\/2019\/06\/feature1-free-img.png"}],"twitter_card":"summary_large_image","twitter_misc":{"Dur\u00e9e de lecture estim\u00e9e":"1 minute"},"schema":{"@context":"https:\/\/schema.org","@graph":[{"@type":"WebPage","@id":"https:\/\/www.lyca-ec.fr\/?page_id=687","url":"https:\/\/www.lyca-ec.fr\/?page_id=687","name":"Pilotage : Tableau de bord -","isPartOf":{"@id":"https:\/\/www.lyca-ec.fr\/#website"},"datePublished":"2022-11-27T16:48:01+00:00","dateModified":"2023-01-14T11:13:44+00:00","breadcrumb":{"@id":"https:\/\/www.lyca-ec.fr\/?page_id=687#breadcrumb"},"inLanguage":"fr-FR","potentialAction":[{"@type":"ReadAction","target":["https:\/\/www.lyca-ec.fr\/?page_id=687"]}]},{"@type":"BreadcrumbList","@id":"https:\/\/www.lyca-ec.fr\/?page_id=687#breadcrumb","itemListElement":[{"@type":"ListItem","position":1,"name":"Accueil","item":"https:\/\/www.lyca-ec.fr\/"},{"@type":"ListItem","position":2,"name":"Pilotage : Tableau de bord"}]},{"@type":"WebSite","@id":"https:\/\/www.lyca-ec.fr\/#website","url":"https:\/\/www.lyca-ec.fr\/","name":"LYCA Expertise & Conseils","description":"LYCA Expertise &amp; Conseils","publisher":{"@id":"https:\/\/www.lyca-ec.fr\/#organization"},"potentialAction":[{"@type":"SearchAction","target":{"@type":"EntryPoint","urlTemplate":"https:\/\/www.lyca-ec.fr\/?s={search_term_string}"},"query-input":"required name=search_term_string"}],"inLanguage":"fr-FR"},{"@type":"Organization","@id":"https:\/\/www.lyca-ec.fr\/#organization","name":"LYCA Expertise & Conseils","url":"https:\/\/www.lyca-ec.fr\/","logo":{"@type":"ImageObject","inLanguage":"fr-FR","@id":"https:\/\/www.lyca-ec.fr\/#\/schema\/logo\/image\/","url":"https:\/\/www.lyca-ec.fr\/wp-content\/uploads\/2022\/11\/cropped-cropped-Copie-de-Noir-et-Or-Cercle-Immobilier-Logo-2_prev_ui.png","contentUrl":"https:\/\/www.lyca-ec.fr\/wp-content\/uploads\/2022\/11\/cropped-cropped-Copie-de-Noir-et-Or-Cercle-Immobilier-Logo-2_prev_ui.png","width":305,"height":300,"caption":"LYCA Expertise & Conseils"},"image":{"@id":"https:\/\/www.lyca-ec.fr\/#\/schema\/logo\/image\/"},"sameAs":["https:\/\/www.linkedin.com\/company\/lyca-expertise-conseils"]}]}},"_links":{"self":[{"href":"https:\/\/www.lyca-ec.fr\/index.php?rest_route=\/wp\/v2\/pages\/687","targetHints":{"allow":["GET"]}}],"collection":[{"href":"https:\/\/www.lyca-ec.fr\/index.php?rest_route=\/wp\/v2\/pages"}],"about":[{"href":"https:\/\/www.lyca-ec.fr\/index.php?rest_route=\/wp\/v2\/types\/page"}],"author":[{"embeddable":true,"href":"https:\/\/www.lyca-ec.fr\/index.php?rest_route=\/wp\/v2\/users\/1"}],"replies":[{"embeddable":true,"href":"https:\/\/www.lyca-ec.fr\/index.php?rest_route=%2Fwp%2Fv2%2Fcomments&post=687"}],"version-history":[{"count":73,"href":"https:\/\/www.lyca-ec.fr\/index.php?rest_route=\/wp\/v2\/pages\/687\/revisions"}],"predecessor-version":[{"id":1608,"href":"https:\/\/www.lyca-ec.fr\/index.php?rest_route=\/wp\/v2\/pages\/687\/revisions\/1608"}],"wp:attachment":[{"href":"https:\/\/www.lyca-ec.fr\/index.php?rest_route=%2Fwp%2Fv2%2Fmedia&parent=687"}],"curies":[{"name":"wp","href":"https:\/\/api.w.org\/{rel}","templated":true}]}}