{"id":693,"date":"2022-11-27T17:51:33","date_gmt":"2022-11-27T16:51:33","guid":{"rendered":"https:\/\/www.lyca-ec.fr\/?page_id=693"},"modified":"2023-01-14T12:11:51","modified_gmt":"2023-01-14T11:11:51","slug":"juridique","status":"publish","type":"page","link":"https:\/\/www.lyca-ec.fr\/?page_id=693","title":{"rendered":"Juridique"},"content":{"rendered":"\t\t<div data-elementor-type=\"wp-page\" data-elementor-id=\"693\" class=\"elementor elementor-693\">\n\t\t\t\t\t\t\t\t\t<section class=\"elementor-section elementor-top-section elementor-element elementor-element-e655ba1 elementor-section-boxed elementor-section-height-default elementor-section-height-default\" data-id=\"e655ba1\" data-element_type=\"section\" data-settings=\"{&quot;background_background&quot;:&quot;classic&quot;}\">\n\t\t\t\t\t\t\t<div class=\"elementor-background-overlay\"><\/div>\n\t\t\t\t\t\t\t<div class=\"elementor-container elementor-column-gap-no\">\n\t\t\t\t\t<div class=\"elementor-column elementor-col-100 elementor-top-column elementor-element elementor-element-bc7e0b7\" data-id=\"bc7e0b7\" data-element_type=\"column\">\n\t\t\t<div class=\"elementor-widget-wrap elementor-element-populated\">\n\t\t\t\t\t\t\t\t<div class=\"elementor-element elementor-element-93057db elementor-widget elementor-widget-heading\" data-id=\"93057db\" data-element_type=\"widget\" data-widget_type=\"heading.default\">\n\t\t\t\t<div class=\"elementor-widget-container\">\n\t\t\t<style>\/*! elementor - v3.18.0 - 20-12-2023 *\/\n.elementor-heading-title{padding:0;margin:0;line-height:1}.elementor-widget-heading .elementor-heading-title[class*=elementor-size-]>a{color:inherit;font-size:inherit;line-height:inherit}.elementor-widget-heading .elementor-heading-title.elementor-size-small{font-size:15px}.elementor-widget-heading .elementor-heading-title.elementor-size-medium{font-size:19px}.elementor-widget-heading .elementor-heading-title.elementor-size-large{font-size:29px}.elementor-widget-heading .elementor-heading-title.elementor-size-xl{font-size:39px}.elementor-widget-heading .elementor-heading-title.elementor-size-xxl{font-size:59px}<\/style><h1 class=\"elementor-heading-title elementor-size-default\">Juridique<\/h1>\t\t<\/div>\n\t\t\t\t<\/div>\n\t\t\t\t\t<\/div>\n\t\t<\/div>\n\t\t\t\t\t\t\t<\/div>\n\t\t<\/section>\n\t\t\t\t<section class=\"elementor-section elementor-top-section elementor-element elementor-element-31b38ad elementor-section-boxed elementor-section-height-default elementor-section-height-default\" data-id=\"31b38ad\" data-element_type=\"section\" data-settings=\"{&quot;background_background&quot;:&quot;classic&quot;}\">\n\t\t\t\t\t\t<div class=\"elementor-container elementor-column-gap-default\">\n\t\t\t\t\t<div class=\"elementor-column elementor-col-100 elementor-top-column elementor-element elementor-element-9e0532c\" data-id=\"9e0532c\" data-element_type=\"column\">\n\t\t\t<div class=\"elementor-widget-wrap elementor-element-populated\">\n\t\t\t\t\t\t\t\t<section class=\"elementor-section elementor-inner-section elementor-element elementor-element-a4ee6e1 elementor-section-boxed elementor-section-height-default elementor-section-height-default\" data-id=\"a4ee6e1\" data-element_type=\"section\">\n\t\t\t\t\t\t<div class=\"elementor-container elementor-column-gap-no\">\n\t\t\t\t\t<div class=\"elementor-column elementor-col-50 elementor-inner-column elementor-element elementor-element-84a4ef7\" data-id=\"84a4ef7\" data-element_type=\"column\" data-settings=\"{&quot;background_background&quot;:&quot;classic&quot;}\">\n\t\t\t<div class=\"elementor-widget-wrap elementor-element-populated\">\n\t\t\t\t\t\t\t\t<div class=\"elementor-element elementor-element-2c56381 elementor-widget elementor-widget-image\" data-id=\"2c56381\" data-element_type=\"widget\" data-widget_type=\"image.default\">\n\t\t\t\t<div class=\"elementor-widget-container\">\n\t\t\t<style>\/*! elementor - v3.18.0 - 20-12-2023 *\/\n.elementor-widget-image{text-align:center}.elementor-widget-image a{display:inline-block}.elementor-widget-image a img[src$=\".svg\"]{width:48px}.elementor-widget-image img{vertical-align:middle;display:inline-block}<\/style>\t\t\t\t\t\t\t\t\t\t\t\t<img fetchpriority=\"high\" decoding=\"async\" width=\"400\" height=\"400\" src=\"https:\/\/www.lyca-ec.fr\/wp-content\/uploads\/2019\/06\/feature2-free-img.png\" class=\"attachment-full size-full wp-image-126\" alt=\"\" srcset=\"https:\/\/www.lyca-ec.fr\/wp-content\/uploads\/2019\/06\/feature2-free-img.png 400w, https:\/\/www.lyca-ec.fr\/wp-content\/uploads\/2019\/06\/feature2-free-img-300x300.png 300w, https:\/\/www.lyca-ec.fr\/wp-content\/uploads\/2019\/06\/feature2-free-img-150x150.png 150w\" sizes=\"(max-width: 400px) 100vw, 400px\" \/>\t\t\t\t\t\t\t\t\t\t\t\t\t\t\t<\/div>\n\t\t\t\t<\/div>\n\t\t\t\t\t<\/div>\n\t\t<\/div>\n\t\t\t\t<div class=\"elementor-column elementor-col-50 elementor-inner-column elementor-element elementor-element-ba59062\" data-id=\"ba59062\" data-element_type=\"column\">\n\t\t\t<div class=\"elementor-widget-wrap elementor-element-populated\">\n\t\t\t\t\t\t\t\t<div class=\"elementor-element elementor-element-9e4800d elementor-widget elementor-widget-heading\" data-id=\"9e4800d\" data-element_type=\"widget\" data-widget_type=\"heading.default\">\n\t\t\t\t<div class=\"elementor-widget-container\">\n\t\t\t<h2 class=\"elementor-heading-title elementor-size-default\"><font color=\"#c89a34\"><b>Droit des soci\u00e9t\u00e9s<\/b><\/font><\/h2>\t\t<\/div>\n\t\t\t\t<\/div>\n\t\t\t\t<div class=\"elementor-element elementor-element-968a642 elementor-widget elementor-widget-heading\" data-id=\"968a642\" data-element_type=\"widget\" data-widget_type=\"heading.default\">\n\t\t\t\t<div class=\"elementor-widget-container\">\n\t\t\t<h4 class=\"elementor-heading-title elementor-size-default\"><div><span data-canva-clipboard=\"ewAiAGEAIgA6ADUALAAiAGQAIgA6ACIAQgAiACwAIgBoACIAOgAiAHcAdwB3AC4AYwBhAG4AdgBhAC4AYwBvAG0AIgAsACIAYwAiADoAIgBEAEEARgBPAFIATQBBAEUAcABpADgAIgAsACIAaQAiADoAIgBuAGIANQB6AG4AaQAtAG0AcABLAFIAMwBPAEsARQBTAHkARQBtADAASQBBACIALAAiAGIAIgA6ADEANgA3ADIANQA5ADMANQAzADUANgAzADQALAAiAEEAPwAiADoAIgBCACIALAAiAEEAIgA6AFsAewAiAEEAIgA6ADMAMAAxAC4ANAAwADQAOQA2ADQAMgAzADcAMgAxADEANwA0ACwAIgBCACIAOgA0ADAAMgAuADAAOQAyADcAOAA3ADgAMgAzADQAOQAxADcAMwAsACIARAAiADoAMwA2ADcALgA5ADAAMwA4ADkAMQAxADEAMgAwADgAMAA1ACwAIgBDACIAOgAxADEAMQAuADcAMwAzADMALAAiAE4AIgA6ACIAcABhAHIAYQBnAHIAYQBwAGgAIgAsACIAQQA\/ACIAOgAiAEsAIgAsACIAYQAiADoAewAiAEEAIgA6AFsAewAiAEEAPwAiADoAIgBBACIALAAiAEEAIgA6ACIAVgBvAHUAcwAgAHMAbwB1AGgAYQBpAHQAZQB6ACAA6gB0AHIAZQAgAGcAdQBpAGQA6QAgAHAAYQByACAAdQBuACAAcwBwAOkAYwBpAGEAbABpAHMAdABlACAAcABvAHUAcgAgAG0AZQB0AHQAcgBlACAAZQBuACAAcABsAGEAYwBlACwAIABkAOgAcwAgAGwAYQAgAGMAcgDpAGEAdABpAG8AbgAsACAAdQBuAGUAIABvAHIAZwBhAG4AaQBzAGEAdABpAG8AbgAgAHAAZQByAGYAbwByAG0AYQBuAHQAZQAuAFwAbgAiAH0AXQAsACIAQgAiADoAWwB7ACIAQQA\/ACIAOgAiAEEAIgAsACIAQQAiADoAewAiAGMAbwBsAG8AcgAiADoAewAiAEIAIgA6ACIAIwA0AGQANABkADQAZAAiAH0ALAAiAGYAbwBuAHQALQB3AGUAaQBnAGgAdAAiADoAewAiAEIAIgA6ACIAYgBvAGwAZAAiAH0ALAAiAGYAbwBuAHQALQBzAGkAegBlACIAOgB7ACIAQgAiADoAIgAyADEALgAzADMAMwA1ACIAfQAsACIAZgBvAG4AdAAtAGYAYQBtAGkAbAB5ACIAOgB7ACIAQgAiADoAIgBZAEEARAA3AFEAaABHADIAVAA2AG8ALAAwACIAfQAsACIAdABlAHgAdAAtAGEAbABpAGcAbgAiADoAewAiAEIAIgA6ACIAYwBlAG4AdABlAHIAIgB9AH0AfQAsAHsAIgBBAD8AIgA6ACIAQgAiACwAIgBBACIAOgAxADEAMwB9ACwAewAiAEEAPwAiADoAIgBBACIALAAiAEEAIgA6AHsAIgB0AGUAeAB0AC0AdAByAGEAbgBzAGYAbwByAG0AIgA6AHsAIgBCACIAOgAiAG4AbwBuAGUAIgB9ACwAIgBsAGUAYQBkAGkAbgBnACIAOgB7ACIAQgAiADoAIgAxADQAMAAwAC4AMAAiAH0ALAAiAGYAbwBuAHQALQBzAHQAeQBsAGUAIgA6AHsAIgBCACIAOgAiAG4AbwByAG0AYQBsACIAfQAsACIAdAByAGEAYwBrAGkAbgBnACIAOgB7ACIAQgAiADoAIgAwAC4AMAAiAH0AfQB9ACwAewAiAEEAPwAiADoAIgBCACIALAAiAEEAIgA6ADEAfQAsAHsAIgBBAD8AIgA6ACIAQQAiACwAIgBBACIAOgB7ACIAdABlAHgAdAAtAHQAcgBhAG4AcwBmAG8AcgBtACIAOgB7ACIAQQAiADoAIgBuAG8AbgBlACIAfQAsACIAYwBvAGwAbwByACIAOgB7ACIAQQAiADoAIgAjADQAZAA0AGQANABkACIAfQAsACIAbABlAGEAZABpAG4AZwAiADoAewAiAEEAIgA6ACIAMQA0ADAAMAAuADAAIgB9ACwAIgBmAG8AbgB0AC0AdwBlAGkAZwBoAHQAIgA6AHsAIgBBACIAOgAiAGIAbwBsAGQAIgB9ACwAIgBmAG8AbgB0AC0AcwBpAHoAZQAiADoAewAiAEEAIgA6ACIAMgAxAC4AMwAzADMANQAiAH0ALAAiAGYAbwBuAHQALQBmAGEAbQBpAGwAeQAiADoAewAiAEEAIgA6ACIAWQBBAEQANwBRAGgARwAyAFQANgBvACwAMAAiAH0ALAAiAGYAbwBuAHQALQBzAHQAeQBsAGUAIgA6AHsAIgBBACIAOgAiAG4AbwByAG0AYQBsACIAfQAsACIAdAByAGEAYwBrAGkAbgBnACIAOgB7ACIAQQAiADoAIgAwAC4AMAAiAH0ALAAiAHQAZQB4AHQALQBhAGwAaQBnAG4AIgA6AHsAIgBBACIAOgAiAGMAZQBuAHQAZQByACIAfQB9AH0AXQB9ACwAIgBiACIAOgB7AH0ALAAiAGQAIgA6ACIAQQAiACwAIgBnACIAOgBmAGEAbABzAGUALAAiAGgAIgA6ACIAQQAiAH0AXQAsACIAQgAiADoANwA5ADMALgA3ADAAMAA3ADgANwA0ADAAMQA1ADcANAA5ACwAIgBDACIAOgAxADEAMgAyAC4ANQAxADkANgA4ADUAMAAzADkAMwA3ADAAMgB9AA==\"><\/span><\/div><b><i>B\u00e9n\u00e9ficiez des conseils avis\u00e9s pour faire \u00e9voluer votre soci\u00e9t\u00e9<br><\/i><\/b><\/h4>\t\t<\/div>\n\t\t\t\t<\/div>\n\t\t\t\t<div class=\"elementor-element elementor-element-5ecda35 elementor-widget elementor-widget-spacer\" data-id=\"5ecda35\" data-element_type=\"widget\" data-widget_type=\"spacer.default\">\n\t\t\t\t<div class=\"elementor-widget-container\">\n\t\t\t<style>\/*! elementor - v3.18.0 - 20-12-2023 *\/\n.elementor-column .elementor-spacer-inner{height:var(--spacer-size)}.e-con{--container-widget-width:100%}.e-con-inner>.elementor-widget-spacer,.e-con>.elementor-widget-spacer{width:var(--container-widget-width,var(--spacer-size));--align-self:var(--container-widget-align-self,initial);--flex-shrink:0}.e-con-inner>.elementor-widget-spacer>.elementor-widget-container,.e-con>.elementor-widget-spacer>.elementor-widget-container{height:100%;width:100%}.e-con-inner>.elementor-widget-spacer>.elementor-widget-container>.elementor-spacer,.e-con>.elementor-widget-spacer>.elementor-widget-container>.elementor-spacer{height:100%}.e-con-inner>.elementor-widget-spacer>.elementor-widget-container>.elementor-spacer>.elementor-spacer-inner,.e-con>.elementor-widget-spacer>.elementor-widget-container>.elementor-spacer>.elementor-spacer-inner{height:var(--container-widget-height,var(--spacer-size))}.e-con-inner>.elementor-widget-spacer.elementor-widget-empty,.e-con>.elementor-widget-spacer.elementor-widget-empty{position:relative;min-height:22px;min-width:22px}.e-con-inner>.elementor-widget-spacer.elementor-widget-empty .elementor-widget-empty-icon,.e-con>.elementor-widget-spacer.elementor-widget-empty .elementor-widget-empty-icon{position:absolute;top:0;bottom:0;left:0;right:0;margin:auto;padding:0;width:22px;height:22px}<\/style>\t\t<div class=\"elementor-spacer\">\n\t\t\t<div class=\"elementor-spacer-inner\"><\/div>\n\t\t<\/div>\n\t\t\t\t<\/div>\n\t\t\t\t<\/div>\n\t\t\t\t<div class=\"elementor-element elementor-element-ab5a04e elementor-widget elementor-widget-text-editor\" data-id=\"ab5a04e\" data-element_type=\"widget\" data-widget_type=\"text-editor.default\">\n\t\t\t\t<div class=\"elementor-widget-container\">\n\t\t\t<style>\/*! elementor - v3.18.0 - 20-12-2023 *\/\n.elementor-widget-text-editor.elementor-drop-cap-view-stacked .elementor-drop-cap{background-color:#69727d;color:#fff}.elementor-widget-text-editor.elementor-drop-cap-view-framed .elementor-drop-cap{color:#69727d;border:3px solid;background-color:transparent}.elementor-widget-text-editor:not(.elementor-drop-cap-view-default) .elementor-drop-cap{margin-top:8px}.elementor-widget-text-editor:not(.elementor-drop-cap-view-default) .elementor-drop-cap-letter{width:1em;height:1em}.elementor-widget-text-editor .elementor-drop-cap{float:left;text-align:center;line-height:1;font-size:50px}.elementor-widget-text-editor .elementor-drop-cap-letter{display:inline-block}<\/style>\t\t\t\t<p>Vous souhaitez faire \u00e9voluer votre entreprise, n<span style=\"font-style: inherit; font-weight: inherit; background-color: var(--ast-global-color-5); color: var(--ast-global-color-3);\">otre cabinet vous accompagne tout au long de la vie de votre entreprise, avec des avis \u00e9clair\u00e9s sur tous les sujets qui vous concernent : Constitution, augmentation de capital, cession de parts, fusion, transformation, scission, dissolution, liquidation&#8230;<\/span><\/p><p>\u00a0<\/p>\t\t\t\t\t\t<\/div>\n\t\t\t\t<\/div>\n\t\t\t\t\t<\/div>\n\t\t<\/div>\n\t\t\t\t\t\t\t<\/div>\n\t\t<\/section>\n\t\t\t\t<div class=\"elementor-element elementor-element-5300be6 elementor-widget elementor-widget-text-editor\" data-id=\"5300be6\" data-element_type=\"widget\" data-widget_type=\"text-editor.default\">\n\t\t\t\t<div class=\"elementor-widget-container\">\n\t\t\t\t\t\t\t\t\t\t\t\t\t<\/div>\n\t\t\t\t<\/div>\n\t\t\t\t<div class=\"elementor-element elementor-element-31f2c2c elementor-widget elementor-widget-heading\" data-id=\"31f2c2c\" data-element_type=\"widget\" data-widget_type=\"heading.default\">\n\t\t\t\t<div class=\"elementor-widget-container\">\n\t\t\t<h2 class=\"elementor-heading-title elementor-size-default\">Dans le cadre nos missions voici un listing des interventions possibles<\/h2>\t\t<\/div>\n\t\t\t\t<\/div>\n\t\t\t\t<div class=\"elementor-element elementor-element-57061cd elementor-widget elementor-widget-spacer\" data-id=\"57061cd\" data-element_type=\"widget\" data-widget_type=\"spacer.default\">\n\t\t\t\t<div class=\"elementor-widget-container\">\n\t\t\t\t\t<div class=\"elementor-spacer\">\n\t\t\t<div class=\"elementor-spacer-inner\"><\/div>\n\t\t<\/div>\n\t\t\t\t<\/div>\n\t\t\t\t<\/div>\n\t\t\t\t<div class=\"elementor-element elementor-element-fb295f0 elementor-widget elementor-widget-text-editor\" data-id=\"fb295f0\" data-element_type=\"widget\" data-widget_type=\"text-editor.default\">\n\t\t\t\t<div class=\"elementor-widget-container\">\n\t\t\t\t\t\t\t<ul><li style=\"list-style-type: none;\"><ul><li style=\"list-style-type: none;\"><ul><li style=\"list-style-type: none;\"><ul><li style=\"list-style-type: none;\"><ul><li style=\"list-style-type: none;\"><ul><li>Cr\u00e9ation<\/li><li>Cession<\/li><li>Transmission<\/li><li>Montage sp\u00e9cifique<\/li><li>Modifications statutaires<\/li><li>Baux commerciaux<\/li><li>Veille actualit\u00e9 juridique<\/li><\/ul><\/li><\/ul><\/li><\/ul><\/li><\/ul><\/li><\/ul><\/li><\/ul>\t\t\t\t\t\t<\/div>\n\t\t\t\t<\/div>\n\t\t\t\t<div class=\"elementor-element elementor-element-4b6ed51 elementor-widget elementor-widget-text-editor\" data-id=\"4b6ed51\" data-element_type=\"widget\" data-widget_type=\"text-editor.default\">\n\t\t\t\t<div class=\"elementor-widget-container\">\n\t\t\t\t\t\t\t<h2 class=\"elementor-heading-title elementor-size-default elementor-inline-editing pen\" contenteditable=\"true\" data-elementor-setting-key=\"title\" data-pen-placeholder=\"\u00c9crivez ici...\"><span style=\"color: #c89a34;\"><b>N&rsquo;attendez plus<\/b><\/span><\/h2><p style=\"padding-left: 40px;\"><em><strong><span style=\"color: #0000ff;\">Rentrez en contact avec notre cabinet et b\u00e9n\u00e9ficiez de l\u2019accompagnement qui vous permet de vous consacrer \u00e0 100 % sur votre m\u00e9tier\u00a0!<\/span><\/strong><\/em><\/p><div>\u00a0<\/div>\t\t\t\t\t\t<\/div>\n\t\t\t\t<\/div>\n\t\t\t\t<div class=\"elementor-element elementor-element-325e4e4 elementor-align-center elementor-widget elementor-widget-button\" data-id=\"325e4e4\" data-element_type=\"widget\" data-widget_type=\"button.default\">\n\t\t\t\t<div class=\"elementor-widget-container\">\n\t\t\t\t\t<div class=\"elementor-button-wrapper\">\n\t\t\t<a class=\"elementor-button elementor-button-link elementor-size-sm\" href=\"https:\/\/www.lyca-ec.fr\/?page_id=314\">\n\t\t\t\t\t\t<span class=\"elementor-button-content-wrapper\">\n\t\t\t\t\t\t<span class=\"elementor-button-text\">Contactez-nous<\/span>\n\t\t<\/span>\n\t\t\t\t\t<\/a>\n\t\t<\/div>\n\t\t\t\t<\/div>\n\t\t\t\t<\/div>\n\t\t\t\t\t<\/div>\n\t\t<\/div>\n\t\t\t\t\t\t\t<\/div>\n\t\t<\/section>\n\t\t\t\t\t\t\t<\/div>\n\t\t","protected":false},"excerpt":{"rendered":"<p>Juridique Droit des soci\u00e9t\u00e9s B\u00e9n\u00e9ficiez des conseils avis\u00e9s pour faire \u00e9voluer votre soci\u00e9t\u00e9 Vous souhaitez faire \u00e9voluer votre entreprise, notre cabinet vous accompagne tout au long de la vie de &hellip;<\/p>\n<p class=\"read-more\"> <a class=\"\" href=\"https:\/\/www.lyca-ec.fr\/?page_id=693\"> <span class=\"screen-reader-text\">Juridique<\/span> Lire la suite\u00a0\u00bb<\/a><\/p>\n","protected":false},"author":1,"featured_media":0,"parent":0,"menu_order":0,"comment_status":"closed","ping_status":"closed","template":"","meta":{"site-sidebar-layout":"no-sidebar","site-content-layout":"page-builder","ast-global-header-display":"","ast-main-header-display":"","ast-hfb-above-header-display":"","ast-hfb-below-header-display":"","ast-hfb-mobile-header-display":"","site-post-title":"disabled","ast-breadcrumbs-content":"","ast-featured-img":"disabled","footer-sml-layout":"","theme-transparent-header-meta":"","adv-header-id-meta":"","stick-header-meta":"","header-above-stick-meta":"","header-main-stick-meta":"","header-below-stick-meta":"","_price":"","_stock":"","_tribe_ticket_header":"","_tribe_default_ticket_provider":"","_tribe_ticket_capacity":"0","_ticket_start_date":"","_ticket_end_date":"","_tribe_ticket_show_description":"","_tribe_ticket_show_not_going":false,"_tribe_ticket_use_global_stock":"","_tribe_ticket_global_stock_level":"","_global_stock_mode":"","_global_stock_cap":"","_tribe_rsvp_for_event":"","_tribe_ticket_going_count":"","_tribe_ticket_not_going_count":"","_tribe_tickets_list":"[]","_tribe_ticket_has_attendee_info_fields":false,"footnotes":""},"class_list":["post-693","page","type-page","status-publish","hentry"],"yoast_head":"<!-- This site is optimized with the Yoast SEO plugin v21.9.1 - https:\/\/yoast.com\/wordpress\/plugins\/seo\/ -->\n<title>Juridique -<\/title>\n<meta name=\"robots\" content=\"index, follow, max-snippet:-1, max-image-preview:large, max-video-preview:-1\" \/>\n<link rel=\"canonical\" href=\"https:\/\/www.lyca-ec.fr\/?page_id=693\" \/>\n<meta property=\"og:locale\" content=\"fr_FR\" \/>\n<meta property=\"og:type\" content=\"article\" \/>\n<meta property=\"og:title\" content=\"Juridique -\" \/>\n<meta property=\"og:description\" content=\"Juridique Droit des soci\u00e9t\u00e9s B\u00e9n\u00e9ficiez des conseils avis\u00e9s pour faire \u00e9voluer votre soci\u00e9t\u00e9 Vous souhaitez faire \u00e9voluer votre entreprise, notre cabinet vous accompagne tout au long de la vie de &hellip; Juridique Lire la suite\u00a0\u00bb\" \/>\n<meta property=\"og:url\" content=\"https:\/\/www.lyca-ec.fr\/?page_id=693\" \/>\n<meta property=\"article:modified_time\" content=\"2023-01-14T11:11:51+00:00\" \/>\n<meta property=\"og:image\" content=\"https:\/\/www.lyca-ec.fr\/wp-content\/uploads\/2019\/06\/feature2-free-img.png\" \/>\n<meta name=\"twitter:card\" content=\"summary_large_image\" \/>\n<meta name=\"twitter:label1\" content=\"Dur\u00e9e de lecture estim\u00e9e\" \/>\n\t<meta name=\"twitter:data1\" content=\"1 minute\" \/>\n<script type=\"application\/ld+json\" class=\"yoast-schema-graph\">{\"@context\":\"https:\/\/schema.org\",\"@graph\":[{\"@type\":\"WebPage\",\"@id\":\"https:\/\/www.lyca-ec.fr\/?page_id=693\",\"url\":\"https:\/\/www.lyca-ec.fr\/?page_id=693\",\"name\":\"Juridique -\",\"isPartOf\":{\"@id\":\"https:\/\/www.lyca-ec.fr\/#website\"},\"datePublished\":\"2022-11-27T16:51:33+00:00\",\"dateModified\":\"2023-01-14T11:11:51+00:00\",\"breadcrumb\":{\"@id\":\"https:\/\/www.lyca-ec.fr\/?page_id=693#breadcrumb\"},\"inLanguage\":\"fr-FR\",\"potentialAction\":[{\"@type\":\"ReadAction\",\"target\":[\"https:\/\/www.lyca-ec.fr\/?page_id=693\"]}]},{\"@type\":\"BreadcrumbList\",\"@id\":\"https:\/\/www.lyca-ec.fr\/?page_id=693#breadcrumb\",\"itemListElement\":[{\"@type\":\"ListItem\",\"position\":1,\"name\":\"Accueil\",\"item\":\"https:\/\/www.lyca-ec.fr\/\"},{\"@type\":\"ListItem\",\"position\":2,\"name\":\"Juridique\"}]},{\"@type\":\"WebSite\",\"@id\":\"https:\/\/www.lyca-ec.fr\/#website\",\"url\":\"https:\/\/www.lyca-ec.fr\/\",\"name\":\"LYCA Expertise & Conseils\",\"description\":\"LYCA Expertise &amp; Conseils\",\"publisher\":{\"@id\":\"https:\/\/www.lyca-ec.fr\/#organization\"},\"potentialAction\":[{\"@type\":\"SearchAction\",\"target\":{\"@type\":\"EntryPoint\",\"urlTemplate\":\"https:\/\/www.lyca-ec.fr\/?s={search_term_string}\"},\"query-input\":\"required name=search_term_string\"}],\"inLanguage\":\"fr-FR\"},{\"@type\":\"Organization\",\"@id\":\"https:\/\/www.lyca-ec.fr\/#organization\",\"name\":\"LYCA Expertise & Conseils\",\"url\":\"https:\/\/www.lyca-ec.fr\/\",\"logo\":{\"@type\":\"ImageObject\",\"inLanguage\":\"fr-FR\",\"@id\":\"https:\/\/www.lyca-ec.fr\/#\/schema\/logo\/image\/\",\"url\":\"https:\/\/www.lyca-ec.fr\/wp-content\/uploads\/2022\/11\/cropped-cropped-Copie-de-Noir-et-Or-Cercle-Immobilier-Logo-2_prev_ui.png\",\"contentUrl\":\"https:\/\/www.lyca-ec.fr\/wp-content\/uploads\/2022\/11\/cropped-cropped-Copie-de-Noir-et-Or-Cercle-Immobilier-Logo-2_prev_ui.png\",\"width\":305,\"height\":300,\"caption\":\"LYCA Expertise & Conseils\"},\"image\":{\"@id\":\"https:\/\/www.lyca-ec.fr\/#\/schema\/logo\/image\/\"},\"sameAs\":[\"https:\/\/www.linkedin.com\/company\/lyca-expertise-conseils\"]}]}<\/script>\n<!-- \/ Yoast SEO plugin. -->","yoast_head_json":{"title":"Juridique -","robots":{"index":"index","follow":"follow","max-snippet":"max-snippet:-1","max-image-preview":"max-image-preview:large","max-video-preview":"max-video-preview:-1"},"canonical":"https:\/\/www.lyca-ec.fr\/?page_id=693","og_locale":"fr_FR","og_type":"article","og_title":"Juridique -","og_description":"Juridique Droit des soci\u00e9t\u00e9s B\u00e9n\u00e9ficiez des conseils avis\u00e9s pour faire \u00e9voluer votre soci\u00e9t\u00e9 Vous souhaitez faire \u00e9voluer votre entreprise, notre cabinet vous accompagne tout au long de la vie de &hellip; Juridique Lire la suite\u00a0\u00bb","og_url":"https:\/\/www.lyca-ec.fr\/?page_id=693","article_modified_time":"2023-01-14T11:11:51+00:00","og_image":[{"url":"https:\/\/www.lyca-ec.fr\/wp-content\/uploads\/2019\/06\/feature2-free-img.png"}],"twitter_card":"summary_large_image","twitter_misc":{"Dur\u00e9e de lecture estim\u00e9e":"1 minute"},"schema":{"@context":"https:\/\/schema.org","@graph":[{"@type":"WebPage","@id":"https:\/\/www.lyca-ec.fr\/?page_id=693","url":"https:\/\/www.lyca-ec.fr\/?page_id=693","name":"Juridique -","isPartOf":{"@id":"https:\/\/www.lyca-ec.fr\/#website"},"datePublished":"2022-11-27T16:51:33+00:00","dateModified":"2023-01-14T11:11:51+00:00","breadcrumb":{"@id":"https:\/\/www.lyca-ec.fr\/?page_id=693#breadcrumb"},"inLanguage":"fr-FR","potentialAction":[{"@type":"ReadAction","target":["https:\/\/www.lyca-ec.fr\/?page_id=693"]}]},{"@type":"BreadcrumbList","@id":"https:\/\/www.lyca-ec.fr\/?page_id=693#breadcrumb","itemListElement":[{"@type":"ListItem","position":1,"name":"Accueil","item":"https:\/\/www.lyca-ec.fr\/"},{"@type":"ListItem","position":2,"name":"Juridique"}]},{"@type":"WebSite","@id":"https:\/\/www.lyca-ec.fr\/#website","url":"https:\/\/www.lyca-ec.fr\/","name":"LYCA Expertise & Conseils","description":"LYCA Expertise &amp; Conseils","publisher":{"@id":"https:\/\/www.lyca-ec.fr\/#organization"},"potentialAction":[{"@type":"SearchAction","target":{"@type":"EntryPoint","urlTemplate":"https:\/\/www.lyca-ec.fr\/?s={search_term_string}"},"query-input":"required name=search_term_string"}],"inLanguage":"fr-FR"},{"@type":"Organization","@id":"https:\/\/www.lyca-ec.fr\/#organization","name":"LYCA Expertise & Conseils","url":"https:\/\/www.lyca-ec.fr\/","logo":{"@type":"ImageObject","inLanguage":"fr-FR","@id":"https:\/\/www.lyca-ec.fr\/#\/schema\/logo\/image\/","url":"https:\/\/www.lyca-ec.fr\/wp-content\/uploads\/2022\/11\/cropped-cropped-Copie-de-Noir-et-Or-Cercle-Immobilier-Logo-2_prev_ui.png","contentUrl":"https:\/\/www.lyca-ec.fr\/wp-content\/uploads\/2022\/11\/cropped-cropped-Copie-de-Noir-et-Or-Cercle-Immobilier-Logo-2_prev_ui.png","width":305,"height":300,"caption":"LYCA Expertise & Conseils"},"image":{"@id":"https:\/\/www.lyca-ec.fr\/#\/schema\/logo\/image\/"},"sameAs":["https:\/\/www.linkedin.com\/company\/lyca-expertise-conseils"]}]}},"_links":{"self":[{"href":"https:\/\/www.lyca-ec.fr\/index.php?rest_route=\/wp\/v2\/pages\/693","targetHints":{"allow":["GET"]}}],"collection":[{"href":"https:\/\/www.lyca-ec.fr\/index.php?rest_route=\/wp\/v2\/pages"}],"about":[{"href":"https:\/\/www.lyca-ec.fr\/index.php?rest_route=\/wp\/v2\/types\/page"}],"author":[{"embeddable":true,"href":"https:\/\/www.lyca-ec.fr\/index.php?rest_route=\/wp\/v2\/users\/1"}],"replies":[{"embeddable":true,"href":"https:\/\/www.lyca-ec.fr\/index.php?rest_route=%2Fwp%2Fv2%2Fcomments&post=693"}],"version-history":[{"count":37,"href":"https:\/\/www.lyca-ec.fr\/index.php?rest_route=\/wp\/v2\/pages\/693\/revisions"}],"predecessor-version":[{"id":1599,"href":"https:\/\/www.lyca-ec.fr\/index.php?rest_route=\/wp\/v2\/pages\/693\/revisions\/1599"}],"wp:attachment":[{"href":"https:\/\/www.lyca-ec.fr\/index.php?rest_route=%2Fwp%2Fv2%2Fmedia&parent=693"}],"curies":[{"name":"wp","href":"https:\/\/api.w.org\/{rel}","templated":true}]}}